{"id":5,"date":"2016-10-10T14:17:22","date_gmt":"2016-10-10T12:17:22","guid":{"rendered":"https:\/\/www.elements.com\/siemensallee\/?page_id=5"},"modified":"2025-12-16T15:51:04","modified_gmt":"2025-12-16T14:51:04","slug":"startseite","status":"publish","type":"page","link":"https:\/\/www.elements.com\/siemensallee\/fitnessstudio-sendling\/","title":{"rendered":"Startseite"},"content":{"rendered":"<div class=\"wpb-content-wrapper\"><p>[vc_row][vc_column width=&#8220;1\/2&#8243;][vc_column_text]<\/p>\n<h1>ELEMENTS Siemensallee &#8211; FITNESSSTUDIO in M\u00fcnchen SENDLING<\/h1>\n<h2>Fitness und Wellness in M\u00fcnchen Sendling<\/h2>\n<hr \/>\n<p>Die Isar liegt einem hier zu F\u00fc\u00dfen: Im ELEMENTS Siemensallee in Obersendling erwarten Sie Fitness und Wellness mit einem stilvollen Natur-Ambiente. In direkter Nachbarschaft haben sich neben Siemens zahlreiche Hightech- und Start-up-Unternehmen niedergelassen. Und von hier aus sind auch die bevorzugten Wohnlagen im M\u00fcnchner S\u00fcden wie Solln, Pullach und Gr\u00fcnwald schnell zu erreichen.<\/p>\n<p>In unserem modernen Fitnessstudio in Sendling\u00a0erwartet Sie eine erstklassige Ausstattung, ein fundiertes Trainingskonzept und eine <a href=\"https:\/\/www.elements.com\/services\/trainingsbetreuung\/\">pers\u00f6nliche Beratung<\/a>. Samt <a href=\"https:\/\/www.elements.com\/services\/sauna\/\">Wellnessbereich<\/a> auf 5-Sterne-Niveau.[\/vc_column_text][vc_btn title=&#8220;Jetzt Probetraining starten&#8220; link=&#8220;url:https%3A%2F%2Fwww.elements.com%2Fprobetraining%2F|||&#8220; el_class=&#8220;rot&#8220;][\/vc_column][vc_column width=&#8220;1\/2&#8243;][vc_single_image image=&#8220;300&#8243; img_size=&#8220;medium&#8220;][\/vc_column][\/vc_row][vc_row][vc_column][vc_tta_accordion active_section=&#8220;&#8220; collapsible_all=&#8220;true&#8220;][vc_tta_section title=&#8220;Fitness und Group Fitness&#8220; tab_id=&#8220;1483105307255-fda4368f-c164&#8243;][vc_column_text]<\/p>\n<ul>\n<li>\u00dcber 150 Trainingsger\u00e4te<\/li>\n<li>Muskel- und Cardiotraining<\/li>\n<li>Vollelektronisch gesteuerter Kraftzirkel<\/li>\n<li>Functional Area<\/li>\n<li>Boxing Area<\/li>\n<li>Personal Training*<\/li>\n<li>Umfangreiches Kursprogramm in 3 Kursr\u00e4umen inklusive Cyclingraum<\/li>\n<li>Intensive Trainingsberatung- und -betreuung<\/li>\n<li>Fitnesstests und K\u00f6rperanalysen<\/li>\n<li>Kinderkurse*<\/li>\n<\/ul>\n<p>[\/vc_column_text][\/vc_tta_section][vc_tta_section title=&#8220;Wellness&#8220; tab_id=&#8220;1483105307291-17b0f409-26ca&#8220;][vc_column_text]<\/p>\n<ul>\n<li>Finnische Sauna, Dampfbad, Bio Sauna<\/li>\n<li>Pool, Entspannungspool und Whirlpool<\/li>\n<li>Salzluftraum<\/li>\n<li>Separater Damenwellnessbereich<\/li>\n<li>Behandlungen &amp; Massagen*<\/li>\n<\/ul>\n<p>[\/vc_column_text][\/vc_tta_section][vc_tta_section title=&#8220;Service&#8220; tab_id=&#8220;1483105534042-9eb1d0b4-b895&#8243;][vc_column_text]<\/p>\n<ul>\n<li>Kinderbetreuung<\/li>\n<li>Kostenlose Trinkstationen<\/li>\n<li>Physiotherapie<\/li>\n<li>WLAN<\/li>\n<li>Bibliothek<\/li>\n<li>Kaffee &amp; Espresso Bar*<\/li>\n<li>Gesunde Drinks &amp; Snacks*<\/li>\n<li>Handtuchservice*<\/li>\n<li>Privater Spind*<\/li>\n<\/ul>\n<p>[\/vc_column_text][\/vc_tta_section][\/vc_tta_accordion][\/vc_column][\/vc_row][vc_row][vc_column][vc_column_text]<\/p>\n<h5>Das erwartet Sie in Ihrem Fitnessstudio in Sendling<\/h5>\n<hr \/>\n<p>Sie sind unter anderem auf der Suche nach einem Spa in M\u00fcnchen? Dann lohnt sich Ihr Besuch im Fitnessstudio in Sendling. Es ist das gr\u00f6\u00dfte der drei ELEMENTS Studios in M\u00fcnchen und bietet Ihnen Wellness auf 5-Sterne-Niveau. Lassen Sie Ihre Seele baumeln. Entspannen Sie sich in der <a href=\"https:\/\/www.elements.com\/services\/sauna\/\">Sauna<\/a>. Verweilen Sie in der <a href=\"https:\/\/www.elements.com\/services\/salzluftoase\/\">Salzluftoase<\/a>. Relaxen Sie im <a href=\"https:\/\/www.elements.com\/services\/entspannungspool\/\">Whirlpool <\/a>oder suchen Sie aktive Entspannung bei der Wassergynmastik in einem unserer Aqua Fitness-Kurse.<\/p>\n<p>Auch abseits des Wellnessbereichs hat Ihr Fitnessstudio in M\u00fcnchen Sendling viel zu bieten. Beim <a href=\"https:\/\/www.elements.com\/services\/functional-training\/\">Functional Training <\/a>k\u00f6nnen Sie sich alleine an einer Kettlebell, am TRX oder anderen Ger\u00e4ten auf der Freifl\u00e4che auspowern, an Zirketrainings teilnehmen oder zusammen mit einem <a href=\"https:\/\/www.elements.com\/services\/personal-training-im-fitnessstudio\/\">Personal Trainer<\/a> schwitzen, der Ihnen Ihr Training individuell zusammenstellt.<\/p>\n<p>F\u00fcr alle, die eher an <a href=\"https:\/\/www.elements.com\/services\/group-fitness\/\">Group Fitness<\/a> interessiert sind, bietet das ELEMENTS in der Siemensallee die unterschiedlichsten Kurse wie z.B. Faszientraining, <a href=\"https:\/\/www.elements.com\/services\/boxing\/\">Kick-Boxen<\/a>, Spinning, Tabata, Yoga, ZUMBA\u00ae und vieles mehr.<\/p>\n<p>Egal ob Ihr Ziel <a href=\"https:\/\/www.elements.com\/services\/muskeltraining\/\">Muskelaufbau <\/a>ist oder Sie schnell und gesund abnehmen m\u00f6chten, hier erwarten Sie die besten Voraussetzungen und ein optimales Umfeld. Unsere Trainer geben Ihnen sehr gerne Tipps zu Ihrem <a href=\"https:\/\/www.elements.com\/services\/muskeltraining\/\">Krafttraining<\/a>, unterst\u00fctzen Sie mit einem <a href=\"https:\/\/www.elements.com\/services\/trainingsbetreuung\/\">Trainingsplan<\/a> und f\u00fchren regelm\u00e4\u00dfig Erfolgskontrollen durch. Bei unserer <a href=\"https:\/\/www.elements.com\/services\/ernaehrungsberatung\/\">Ern\u00e4hrungsberatung<\/a> werden Sie kompetent beraten hinsichtlich Ern\u00e4hrungsplan, Ern\u00e4hrungsumstellung oder spezieller Di\u00e4ten wie z.B. die Eiwei\u00dfkur, die Sie mit ELEMENTS gemeinsam durchf\u00fchren k\u00f6nnen.<\/p>\n<p>Ein weiteres Plus f\u00fcr Ihren Besuch ist die <a href=\"https:\/\/www.elements.com\/services\/kinderbetreuung\/\">Kinderbetreuung<\/a>, die wir Ihnen als kostenlosen Service anbieten, um Ihnen Ihren Aufenthalt im ELEMENTS in M\u00fcnchen Sendling so angenehm wie m\u00f6glich zu machen.<\/p>\n<p>Worauf warten Sie? Wir freuen uns auf Ihren n\u00e4chsten Besuch![\/vc_column_text][\/vc_column][\/vc_row][vc_row][vc_column width=&#8220;1\/4&#8243;][vc_single_image image=&#8220;989&#8243;][\/vc_column][vc_column width=&#8220;3\/4&#8243;][vc_column_text]<\/p>\n<h5>Lage und Anbindung<\/h5>\n<hr \/>\n<p>Der Stadtteil Sendling liegt oberhalb des Isarufers von M\u00fcnchen. Die beliebteste Erholungsmeile &#8211; die Flaucher Isarauen &#8211; liegt in diesem Stadtteil. Sendling ist in 3 Unterviertel geteilt. Die Siemensallee in Obersendling bildet die Grenze zum s\u00fcdlich liegenden Solln. Im Areal zwischen Baierbrunner Stra\u00dfe und Siemensallee sind zahlreiche Wohnungen entstanden, dazu B\u00fcros, ein \u00c4rztezentrum und vieles mehr. Mit \u00f6ffentlichen Verkehrsmitteln ist das Fitnessstudio in der Siemensallee bequem f\u00fcr Sie zu erreichen:<\/p>\n<ul>\n<li>Haltestelle Siemenswerke: Ca. 2 Gehminuten. S-Bahnlinien: S7 oder mit der BOB<\/li>\n<li>Distanz vom \/ zum Hauptbahnhof M\u00fcnchen: Ca. 15-20 Minuten mit den \u00f6ffentlichen Verkehrsmitteln<\/li>\n<\/ul>\n<p>[\/vc_column_text][\/vc_column][\/vc_row][vc_row][vc_column width=&#8220;1\/4&#8243;][vc_single_image image=&#8220;988&#8243;][\/vc_column][vc_column width=&#8220;3\/4&#8243;][vc_column_text]<\/p>\n<h5>Parken bei ELEMENTS<\/h5>\n<hr \/>\n<p>M\u00f6chten Sie das ELEMENTS in der Siemensallee mit dem Auto besuchen, stehen Ihnen Parkpl\u00e4tze in der Tiefgarage zur Verf\u00fcgung.<\/p>\n<p>ELEMENTS Mitglieder parken w\u00e4hrend des Trainings zwei Stunden kostenfrei.[\/vc_column_text][\/vc_column][\/vc_row][vc_row][vc_column][vc_column_text]* Leistungsangebot gegen Aufpreis[\/vc_column_text][\/vc_column][\/vc_row]<\/p>\n<\/div>","protected":false},"excerpt":{"rendered":"<p>[vc_row][vc_column width=&#8220;1\/2&#8243;][vc_column_text] ELEMENTS Siemensallee &#8211; FITNESSSTUDIO in M\u00fcnchen SENDLING Fitness und Wellness in M\u00fcnchen Sendling Die Isar liegt einem hier zu F\u00fc\u00dfen: Im ELEMENTS Siemensallee in Obersendling erwarten Sie Fitness und Wellness mit einem stilvollen Natur-Ambiente. In direkter Nachbarschaft haben sich neben Siemens zahlreiche Hightech- und Start-up-Unternehmen niedergelassen. Und von hier aus sind auch die &hellip; <a href=\"https:\/\/www.elements.com\/siemensallee\/fitnessstudio-sendling\/\">Continued<\/a><\/p>\n","protected":false},"author":1,"featured_media":3662,"parent":0,"menu_order":0,"comment_status":"closed","ping_status":"closed","template":"template-home.php","meta":{"_acf_changed":false,"footnotes":""},"class_list":["post-5","page","type-page","status-publish","has-post-thumbnail","hentry"],"acf":[],"yoast_head":"<!-- This site is optimized with the Yoast SEO plugin v25.4 - https:\/\/yoast.com\/wordpress\/plugins\/seo\/ -->\n<title>ELEMENTS Siemensallee - Fitnessstudio Sendling<\/title>\n<meta name=\"description\" content=\"Fitnessstudio Sendling: Im ELEMENTS Siemensallee in Obersendling erwarten Sie Fitness und Wellness auf 4.700 Quadratmetern.\" \/>\n<meta name=\"robots\" content=\"index, follow, max-snippet:-1, max-image-preview:large, max-video-preview:-1\" \/>\n<link rel=\"canonical\" href=\"https:\/\/www.elements.com\/siemensallee\/fitnessstudio-sendling\/\" \/>\n<meta property=\"og:locale\" content=\"de_DE\" \/>\n<meta property=\"og:type\" content=\"article\" \/>\n<meta property=\"og:title\" content=\"ELEMENTS Siemensallee - Fitnessstudio Sendling\" \/>\n<meta property=\"og:description\" content=\"Fitnessstudio Sendling: Im ELEMENTS Siemensallee in Obersendling erwarten Sie Fitness und Wellness auf 4.700 Quadratmetern.\" \/>\n<meta property=\"og:url\" content=\"https:\/\/www.elements.com\/siemensallee\/fitnessstudio-sendling\/\" \/>\n<meta property=\"og:site_name\" content=\"ELEMENTS Siemensallee\" \/>\n<meta property=\"article:modified_time\" content=\"2025-12-16T14:51:04+00:00\" \/>\n<meta property=\"og:image\" content=\"https:\/\/www.elements.com\/app\/uploads\/sites\/8\/2025\/07\/studiobilder-siemensallee-scaled.webp\" \/>\n\t<meta property=\"og:image:width\" content=\"2560\" \/>\n\t<meta property=\"og:image:height\" content=\"1715\" \/>\n\t<meta property=\"og:image:type\" content=\"image\/webp\" \/>\n<meta name=\"twitter:card\" content=\"summary_large_image\" \/>\n<meta name=\"twitter:label1\" content=\"Gesch\u00e4tzte Lesezeit\" \/>\n\t<meta name=\"twitter:data1\" content=\"5\u00a0Minuten\" \/>\n<script type=\"application\/ld+json\" class=\"yoast-schema-graph\">{\"@context\":\"https:\/\/schema.org\",\"@graph\":[{\"@type\":\"WebPage\",\"@id\":\"https:\/\/www.elements.com\/siemensallee\/fitnessstudio-sendling\/\",\"url\":\"https:\/\/www.elements.com\/siemensallee\/fitnessstudio-sendling\/\",\"name\":\"ELEMENTS Siemensallee - Fitnessstudio Sendling\",\"isPartOf\":{\"@id\":\"https:\/\/www.elements.com\/siemensallee\/fitnessstudio-sendling\/#website\"},\"primaryImageOfPage\":{\"@id\":\"https:\/\/www.elements.com\/siemensallee\/fitnessstudio-sendling\/#primaryimage\"},\"image\":{\"@id\":\"https:\/\/www.elements.com\/siemensallee\/fitnessstudio-sendling\/#primaryimage\"},\"thumbnailUrl\":\"https:\/\/www.elements.com\/app\/uploads\/sites\/8\/2025\/07\/studiobilder-siemensallee-scaled.webp\",\"datePublished\":\"2016-10-10T12:17:22+00:00\",\"dateModified\":\"2025-12-16T14:51:04+00:00\",\"description\":\"Fitnessstudio Sendling: Im ELEMENTS Siemensallee in Obersendling erwarten Sie Fitness und Wellness auf 4.700 Quadratmetern.\",\"breadcrumb\":{\"@id\":\"https:\/\/www.elements.com\/siemensallee\/fitnessstudio-sendling\/#breadcrumb\"},\"inLanguage\":\"de\",\"potentialAction\":[{\"@type\":\"ReadAction\",\"target\":[\"https:\/\/www.elements.com\/siemensallee\/fitnessstudio-sendling\/\"]}]},{\"@type\":\"ImageObject\",\"inLanguage\":\"de\",\"@id\":\"https:\/\/www.elements.com\/siemensallee\/fitnessstudio-sendling\/#primaryimage\",\"url\":\"https:\/\/www.elements.com\/app\/uploads\/sites\/8\/2025\/07\/studiobilder-siemensallee-scaled.webp\",\"contentUrl\":\"https:\/\/www.elements.com\/app\/uploads\/sites\/8\/2025\/07\/studiobilder-siemensallee-scaled.webp\",\"width\":2560,\"height\":1715},{\"@type\":\"BreadcrumbList\",\"@id\":\"https:\/\/www.elements.com\/siemensallee\/fitnessstudio-sendling\/#breadcrumb\",\"itemListElement\":[{\"@type\":\"ListItem\",\"position\":1,\"name\":\"Home\",\"item\":\"https:\/\/www.elements.com\/siemensallee\/fitnessstudio-sendling\/\"},{\"@type\":\"ListItem\",\"position\":2,\"name\":\"Startseite\"}]},{\"@type\":\"WebSite\",\"@id\":\"https:\/\/www.elements.com\/siemensallee\/fitnessstudio-sendling\/#website\",\"url\":\"https:\/\/www.elements.com\/siemensallee\/fitnessstudio-sendling\/\",\"name\":\"ELEMENTS Siemensallee\",\"description\":\"\",\"potentialAction\":[{\"@type\":\"SearchAction\",\"target\":{\"@type\":\"EntryPoint\",\"urlTemplate\":\"https:\/\/www.elements.com\/siemensallee\/fitnessstudio-sendling\/?s={search_term_string}\"},\"query-input\":{\"@type\":\"PropertyValueSpecification\",\"valueRequired\":true,\"valueName\":\"search_term_string\"}}],\"inLanguage\":\"de\"}]}<\/script>\n<!-- \/ Yoast SEO plugin. -->","yoast_head_json":{"title":"ELEMENTS Siemensallee - Fitnessstudio Sendling","description":"Fitnessstudio Sendling: Im ELEMENTS Siemensallee in Obersendling erwarten Sie Fitness und Wellness auf 4.700 Quadratmetern.","robots":{"index":"index","follow":"follow","max-snippet":"max-snippet:-1","max-image-preview":"max-image-preview:large","max-video-preview":"max-video-preview:-1"},"canonical":"https:\/\/www.elements.com\/siemensallee\/fitnessstudio-sendling\/","og_locale":"de_DE","og_type":"article","og_title":"ELEMENTS Siemensallee - Fitnessstudio Sendling","og_description":"Fitnessstudio Sendling: Im ELEMENTS Siemensallee in Obersendling erwarten Sie Fitness und Wellness auf 4.700 Quadratmetern.","og_url":"https:\/\/www.elements.com\/siemensallee\/fitnessstudio-sendling\/","og_site_name":"ELEMENTS Siemensallee","article_modified_time":"2025-12-16T14:51:04+00:00","og_image":[{"width":2560,"height":1715,"url":"https:\/\/www.elements.com\/app\/uploads\/sites\/8\/2025\/07\/studiobilder-siemensallee-scaled.webp","type":"image\/webp"}],"twitter_card":"summary_large_image","twitter_misc":{"Gesch\u00e4tzte Lesezeit":"5\u00a0Minuten"},"schema":{"@context":"https:\/\/schema.org","@graph":[{"@type":"WebPage","@id":"https:\/\/www.elements.com\/siemensallee\/fitnessstudio-sendling\/","url":"https:\/\/www.elements.com\/siemensallee\/fitnessstudio-sendling\/","name":"ELEMENTS Siemensallee - Fitnessstudio Sendling","isPartOf":{"@id":"https:\/\/www.elements.com\/siemensallee\/fitnessstudio-sendling\/#website"},"primaryImageOfPage":{"@id":"https:\/\/www.elements.com\/siemensallee\/fitnessstudio-sendling\/#primaryimage"},"image":{"@id":"https:\/\/www.elements.com\/siemensallee\/fitnessstudio-sendling\/#primaryimage"},"thumbnailUrl":"https:\/\/www.elements.com\/app\/uploads\/sites\/8\/2025\/07\/studiobilder-siemensallee-scaled.webp","datePublished":"2016-10-10T12:17:22+00:00","dateModified":"2025-12-16T14:51:04+00:00","description":"Fitnessstudio Sendling: Im ELEMENTS Siemensallee in Obersendling erwarten Sie Fitness und Wellness auf 4.700 Quadratmetern.","breadcrumb":{"@id":"https:\/\/www.elements.com\/siemensallee\/fitnessstudio-sendling\/#breadcrumb"},"inLanguage":"de","potentialAction":[{"@type":"ReadAction","target":["https:\/\/www.elements.com\/siemensallee\/fitnessstudio-sendling\/"]}]},{"@type":"ImageObject","inLanguage":"de","@id":"https:\/\/www.elements.com\/siemensallee\/fitnessstudio-sendling\/#primaryimage","url":"https:\/\/www.elements.com\/app\/uploads\/sites\/8\/2025\/07\/studiobilder-siemensallee-scaled.webp","contentUrl":"https:\/\/www.elements.com\/app\/uploads\/sites\/8\/2025\/07\/studiobilder-siemensallee-scaled.webp","width":2560,"height":1715},{"@type":"BreadcrumbList","@id":"https:\/\/www.elements.com\/siemensallee\/fitnessstudio-sendling\/#breadcrumb","itemListElement":[{"@type":"ListItem","position":1,"name":"Home","item":"https:\/\/www.elements.com\/siemensallee\/fitnessstudio-sendling\/"},{"@type":"ListItem","position":2,"name":"Startseite"}]},{"@type":"WebSite","@id":"https:\/\/www.elements.com\/siemensallee\/fitnessstudio-sendling\/#website","url":"https:\/\/www.elements.com\/siemensallee\/fitnessstudio-sendling\/","name":"ELEMENTS Siemensallee","description":"","potentialAction":[{"@type":"SearchAction","target":{"@type":"EntryPoint","urlTemplate":"https:\/\/www.elements.com\/siemensallee\/fitnessstudio-sendling\/?s={search_term_string}"},"query-input":{"@type":"PropertyValueSpecification","valueRequired":true,"valueName":"search_term_string"}}],"inLanguage":"de"}]}},"_links":{"self":[{"href":"https:\/\/www.elements.com\/siemensallee\/fitnessstudio-sendling\/wp-json\/wp\/v2\/pages\/5","targetHints":{"allow":["GET"]}}],"collection":[{"href":"https:\/\/www.elements.com\/siemensallee\/fitnessstudio-sendling\/wp-json\/wp\/v2\/pages"}],"about":[{"href":"https:\/\/www.elements.com\/siemensallee\/fitnessstudio-sendling\/wp-json\/wp\/v2\/types\/page"}],"author":[{"embeddable":true,"href":"https:\/\/www.elements.com\/siemensallee\/fitnessstudio-sendling\/wp-json\/wp\/v2\/users\/1"}],"replies":[{"embeddable":true,"href":"https:\/\/www.elements.com\/siemensallee\/fitnessstudio-sendling\/wp-json\/wp\/v2\/comments?post=5"}],"version-history":[{"count":55,"href":"https:\/\/www.elements.com\/siemensallee\/fitnessstudio-sendling\/wp-json\/wp\/v2\/pages\/5\/revisions"}],"predecessor-version":[{"id":3705,"href":"https:\/\/www.elements.com\/siemensallee\/fitnessstudio-sendling\/wp-json\/wp\/v2\/pages\/5\/revisions\/3705"}],"wp:featuredmedia":[{"embeddable":true,"href":"https:\/\/www.elements.com\/siemensallee\/fitnessstudio-sendling\/wp-json\/wp\/v2\/media\/3662"}],"wp:attachment":[{"href":"https:\/\/www.elements.com\/siemensallee\/fitnessstudio-sendling\/wp-json\/wp\/v2\/media?parent=5"}],"curies":[{"name":"wp","href":"https:\/\/api.w.org\/{rel}","templated":true}]}}