{"id":5,"date":"2016-10-10T14:17:22","date_gmt":"2016-10-10T12:17:22","guid":{"rendered":"https:\/\/www.elements.com\/henninger-tum\/?page_id=5"},"modified":"2025-12-16T15:51:33","modified_gmt":"2025-12-16T14:51:33","slug":"startseite","status":"publish","type":"page","link":"https:\/\/www.elements.com\/henninger-turm\/fitnessstudio-sachsenhausen\/","title":{"rendered":"Startseite"},"content":{"rendered":"<div class=\"wpb-content-wrapper\"><p>[vc_row][vc_column width=&#8220;1\/2&#8243;][vc_column_text]<\/p>\n<h1>ELEMENTS Henninger Turm &#8211; Fitnessstudio in Frankfurt-Sachsenhausen<\/h1>\n<h2>Fitness \u00fcber den D\u00e4chern Frankfurts<\/h2>\n<hr \/>\n<p>Trainieren und relaxen mitten in\u00a0Frankfurt-Sachsenhausen \u2013 im neuen Fitnessstudio am Henninger Turm bieten wir eine traumhafte Aktiv- und Wohlf\u00fchloase f\u00fcr Menschen, die au\u00dfergew\u00f6hnlich trainieren m\u00f6chten. Der Fitness-Standort besticht durch seine einzigartige Lage im neu erbauten Komplex des historischen Henninger Turms mitten in der Frankfurter City.<\/p>\n<p>Auf rund 4.650 Quadratmetern l\u00e4dt das Fitnessstudio im Stadtteil Frankfurt-Sachsenhausen Fitnessbegeisterte dazu ein, ihr Workout abwechslungsreich zu gestalten und sich anschlie\u00dfend im exklusiven <a href=\"https:\/\/www.elements.com\/services\/sauna\/\">Wellnessbereich<\/a> mit <a href=\"https:\/\/www.elements.com\/services\/pool\/\">Rooftop Pool<\/a> zu entspannen.[\/vc_column_text][vc_btn title=&#8220;Jetzt Probetraining starten&#8220; align=&#8220;left&#8220; link=&#8220;url:https%3A%2F%2Fwww.elements.com%2Fprobetraining%2F|||&#8220; el_class=&#8220;rot&#8220;][\/vc_column][vc_column width=&#8220;1\/2&#8243;][vc_single_image image=&#8220;722&#8243; img_size=&#8220;medium&#8220;][\/vc_column][\/vc_row][vc_row][vc_column][vc_tta_accordion active_section=&#8220;0&#8243; collapsible_all=&#8220;true&#8220;][vc_tta_section title=&#8220;Fitness und Group Fitness&#8220; tab_id=&#8220;1491901894979-b43fec1b-5249&#8243;][vc_column_text]<\/p>\n<ul>\n<li>\u00dcber 150 Trainingsger\u00e4te<\/li>\n<li>Muskel- und Cardiotraining<\/li>\n<li>Vollelektronisch gesteuerter Kraftzirkel<\/li>\n<li>Functional Area<\/li>\n<li>Boxing Area<\/li>\n<li>Personal Training*<\/li>\n<li>Umfangreiches Kursprogramm in 2 Kursr\u00e4umen<\/li>\n<li>Intensive Trainingsberatung und -betreuung<\/li>\n<li>Fitnesstests und K\u00f6rperanalysen<\/li>\n<\/ul>\n<p>[\/vc_column_text][\/vc_tta_section][vc_tta_section title=&#8220;Wellness&#8220; tab_id=&#8220;1491901895040-465c75f9-31f6&#8243;][vc_column_text]<\/p>\n<ul>\n<li>Finnische Sauna, Dampfbad, Bio Sauna<\/li>\n<li>Dachpool<\/li>\n<li>Separater Damenwellnessbereich<\/li>\n<li>Behandlungen &amp; Massagen*<\/li>\n<\/ul>\n<p>[\/vc_column_text][\/vc_tta_section][vc_tta_section title=&#8220;Service&#8220; tab_id=&#8220;1491902299849-0feebfff-4c2b&#8220;][vc_column_text]<\/p>\n<ul>\n<li>Kinderbetreuung<\/li>\n<li>Kostenlose Trinkstationen<\/li>\n<li>Physiotherapie<\/li>\n<li>WLAN<\/li>\n<li>Bibliothek<\/li>\n<li>Kaffee &amp; Espresso Bar*<\/li>\n<li>Gesunde Drinks &amp; Snacks*<\/li>\n<li>Handtuchservice*<\/li>\n<li>Privater Spind*<\/li>\n<\/ul>\n<p>[\/vc_column_text][\/vc_tta_section][\/vc_tta_accordion][\/vc_column][\/vc_row][vc_row][vc_column][vc_column_text]<\/p>\n<h5>Das erwartet Sie in Ihrem Fitnessstudio in Sachsenhausen<\/h5>\n<hr \/>\n<p>Vom<strong> pers\u00f6nlichen Service<\/strong> mit schweizerischer Zuverl\u00e4ssigkeit \u00fcber eine individuelle <a href=\"https:\/\/www.elements.com\/services\/trainingsbetreuung\/\">Trainingbetreuung <\/a>durch ausgebildete Trainingsexperten bis hin zur liebevollen Betreuung Ihrer Kleinen in der <a href=\"https:\/\/www.elements.com\/services\/kinderbetreuung\/\">Kinderbetreuung<\/a>: Im ELEMENTS Henninger Turm steht Ihnen \u00fcber die gesamte \u00d6ffnungszeit kompetentes und freundliches Personal zur Seite, um Ihren Aufenthalt so angenehm wie m\u00f6glich zu gestalten.<\/p>\n<p>Die <strong>naturnahe Einrichtung<\/strong> des Studios besticht auf 4.650 m\u00b2 mit einer Kombination aus edlen Materialien und hochmoderner Technik. Gro\u00dfe Fenster sorgen zudem f\u00fcr eine freundliche, angenehme Atmosph\u00e4re.<\/p>\n<p>Im ELEMENTS in Sachsenhausen erwarten Sie au\u00dferdem gro\u00dfz\u00fcgige Trainingsfl\u00e4chen ausgestattet mit den <strong>modernsten Ger\u00e4ten<\/strong> und ein <strong>vielseitiges Kursprogramm<\/strong> mit Klassikern und neuen Trends.<\/p>\n<p>In der <strong>einzigartigen Wellnesslandschaft<\/strong> l\u00e4sst sich bei wohltuender W\u00e4rme und belebenden Aromen herrlich entspannen und abschalten.<\/p>\n<p>Seien Sie zudem auf das Highlight des Studios gespannt: Der gro\u00dfz\u00fcgige <strong>Rooftop Pool<\/strong> l\u00e4dt zum Abtauchen und Erfrischen mit Blick \u00fcber die D\u00e4cher Frankfurts ein.[\/vc_column_text][\/vc_column][\/vc_row][vc_row][vc_column width=&#8220;1\/4&#8243;][vc_single_image image=&#8220;415&#8243; img_size=&#8220;medium&#8220;][\/vc_column][vc_column width=&#8220;3\/4&#8243;][vc_column_text]<\/p>\n<h5>Lage und Anbindung<\/h5>\n<hr \/>\n<p>Der Stadtteil Sachsenhausen mit seinen zahlreichen Caf\u00e9s und Restaurants liegt am s\u00fcdlichen Mainufer Frankfurts. Der historische Henninger Turm bietet\u00a0einen einzigarten Wohnraum in unvergleichlich gr\u00fcner Umgebung und mit sch\u00f6nstem Blick auf die Frankfurter Skyline.<\/p>\n<p>Auch mit den \u00f6ffentlichen Verkehrsmitteln ist das Fitnessstudio in Sachsenhausen bequem f\u00fcr Sie zu erreichen:<\/p>\n<ul>\n<li>Lokalbahnhof: Ca. 10 Gehminuten. S-Bahnlinien: S3\/S4\/S5\/S6<\/li>\n<li>Bahnhof Frankfurt (Main) S\u00fcd: Ca. 15 Minuten zu Fu\u00df.\u00a0Anschluss zur S-Bahn sowie zum\u00a0Fernverkehr.<\/li>\n<\/ul>\n<p>[\/vc_column_text][\/vc_column][\/vc_row][vc_row][vc_column width=&#8220;1\/4&#8243;][vc_single_image image=&#8220;419&#8243; img_size=&#8220;medium&#8220;][\/vc_column][vc_column width=&#8220;3\/4&#8243;][vc_column_text]<\/p>\n<h5>Parken bei ELEMENTS<\/h5>\n<hr \/>\n<p>M\u00f6chten Sie mit dem Auto das ELEMENTS in Sachsenhausen besuchen, stehen Ihnen Parkpl\u00e4tze im Parkhaus zur Verf\u00fcgung.<\/p>\n<p>ELEMENTS Mitglieder parken auf 360 Stellpl\u00e4tzen w\u00e4hrend des Trainings von Montag bis Samstag drei Stunden, an Sonn- und Feiertagen sogar vier Stunden kostenfrei.[\/vc_column_text][\/vc_column][\/vc_row][vc_row][vc_column][vc_column_text]* Leistungsangebot gegen Aufpreis[\/vc_column_text][\/vc_column][\/vc_row]<\/p>\n<\/div>","protected":false},"excerpt":{"rendered":"<p>[vc_row][vc_column width=&#8220;1\/2&#8243;][vc_column_text] ELEMENTS Henninger Turm &#8211; Fitnessstudio in Frankfurt-Sachsenhausen Fitness \u00fcber den D\u00e4chern Frankfurts Trainieren und relaxen mitten in\u00a0Frankfurt-Sachsenhausen \u2013 im neuen Fitnessstudio am Henninger Turm bieten wir eine traumhafte Aktiv- und Wohlf\u00fchloase f\u00fcr Menschen, die au\u00dfergew\u00f6hnlich trainieren m\u00f6chten. Der Fitness-Standort besticht durch seine einzigartige Lage im neu erbauten Komplex des historischen Henninger Turms mitten &hellip; <a href=\"https:\/\/www.elements.com\/henninger-turm\/fitnessstudio-sachsenhausen\/\">Continued<\/a><\/p>\n","protected":false},"author":1,"featured_media":3377,"parent":0,"menu_order":0,"comment_status":"closed","ping_status":"closed","template":"template-home.php","meta":{"_acf_changed":false,"footnotes":""},"class_list":["post-5","page","type-page","status-publish","has-post-thumbnail","hentry"],"acf":[],"yoast_head":"<!-- This site is optimized with the Yoast SEO plugin v25.4 - https:\/\/yoast.com\/wordpress\/plugins\/seo\/ -->\n<title>ELEMENTS Henninger Turm - Fitnessstudio Frankfurt-Sachsenhausen<\/title>\n<meta name=\"description\" content=\"Mitten in Frankfurt-Sachsenhausen bietet ELEMENTS Fitness und Wellness ein Fitnessstudio mit Rooftop Pool und sch\u00f6nstem Skylineblick.\" \/>\n<meta name=\"robots\" content=\"index, follow, max-snippet:-1, max-image-preview:large, max-video-preview:-1\" \/>\n<link rel=\"canonical\" href=\"https:\/\/www.elements.com\/henninger-turm\/fitnessstudio-sachsenhausen\/\" \/>\n<meta property=\"og:locale\" content=\"de_DE\" \/>\n<meta property=\"og:type\" content=\"article\" \/>\n<meta property=\"og:title\" content=\"ELEMENTS Henninger Turm - Fitnessstudio Frankfurt-Sachsenhausen\" \/>\n<meta property=\"og:description\" content=\"Mitten in Frankfurt-Sachsenhausen bietet ELEMENTS Fitness und Wellness ein Fitnessstudio mit Rooftop Pool und sch\u00f6nstem Skylineblick.\" \/>\n<meta property=\"og:url\" content=\"https:\/\/www.elements.com\/henninger-turm\/fitnessstudio-sachsenhausen\/\" \/>\n<meta property=\"og:site_name\" content=\"ELEMENTS Henninger Turm\" \/>\n<meta property=\"article:modified_time\" content=\"2025-12-16T14:51:33+00:00\" \/>\n<meta property=\"og:image\" content=\"https:\/\/www.elements.com\/app\/uploads\/sites\/9\/2025\/07\/studiobilder-henninger-turm-scaled.webp\" \/>\n\t<meta property=\"og:image:width\" content=\"2560\" \/>\n\t<meta property=\"og:image:height\" content=\"1715\" \/>\n\t<meta property=\"og:image:type\" content=\"image\/webp\" \/>\n<meta name=\"twitter:card\" content=\"summary_large_image\" \/>\n<meta name=\"twitter:label1\" content=\"Gesch\u00e4tzte Lesezeit\" \/>\n\t<meta name=\"twitter:data1\" content=\"3\u00a0Minuten\" \/>\n<script type=\"application\/ld+json\" class=\"yoast-schema-graph\">{\"@context\":\"https:\/\/schema.org\",\"@graph\":[{\"@type\":\"WebPage\",\"@id\":\"https:\/\/www.elements.com\/henninger-turm\/fitnessstudio-sachsenhausen\/\",\"url\":\"https:\/\/www.elements.com\/henninger-turm\/fitnessstudio-sachsenhausen\/\",\"name\":\"ELEMENTS Henninger Turm - Fitnessstudio Frankfurt-Sachsenhausen\",\"isPartOf\":{\"@id\":\"https:\/\/www.elements.com\/henninger-turm\/fitnessstudio-sachsenhausen\/#website\"},\"primaryImageOfPage\":{\"@id\":\"https:\/\/www.elements.com\/henninger-turm\/fitnessstudio-sachsenhausen\/#primaryimage\"},\"image\":{\"@id\":\"https:\/\/www.elements.com\/henninger-turm\/fitnessstudio-sachsenhausen\/#primaryimage\"},\"thumbnailUrl\":\"https:\/\/www.elements.com\/app\/uploads\/sites\/9\/2025\/07\/studiobilder-henninger-turm-scaled.webp\",\"datePublished\":\"2016-10-10T12:17:22+00:00\",\"dateModified\":\"2025-12-16T14:51:33+00:00\",\"description\":\"Mitten in Frankfurt-Sachsenhausen bietet ELEMENTS Fitness und Wellness ein Fitnessstudio mit Rooftop Pool und sch\u00f6nstem Skylineblick.\",\"breadcrumb\":{\"@id\":\"https:\/\/www.elements.com\/henninger-turm\/fitnessstudio-sachsenhausen\/#breadcrumb\"},\"inLanguage\":\"de\",\"potentialAction\":[{\"@type\":\"ReadAction\",\"target\":[\"https:\/\/www.elements.com\/henninger-turm\/fitnessstudio-sachsenhausen\/\"]}]},{\"@type\":\"ImageObject\",\"inLanguage\":\"de\",\"@id\":\"https:\/\/www.elements.com\/henninger-turm\/fitnessstudio-sachsenhausen\/#primaryimage\",\"url\":\"https:\/\/www.elements.com\/app\/uploads\/sites\/9\/2025\/07\/studiobilder-henninger-turm-scaled.webp\",\"contentUrl\":\"https:\/\/www.elements.com\/app\/uploads\/sites\/9\/2025\/07\/studiobilder-henninger-turm-scaled.webp\",\"width\":2560,\"height\":1715},{\"@type\":\"BreadcrumbList\",\"@id\":\"https:\/\/www.elements.com\/henninger-turm\/fitnessstudio-sachsenhausen\/#breadcrumb\",\"itemListElement\":[{\"@type\":\"ListItem\",\"position\":1,\"name\":\"Home\",\"item\":\"https:\/\/www.elements.com\/henninger-turm\/fitnessstudio-sachsenhausen\/\"},{\"@type\":\"ListItem\",\"position\":2,\"name\":\"Startseite\"}]},{\"@type\":\"WebSite\",\"@id\":\"https:\/\/www.elements.com\/henninger-turm\/fitnessstudio-sachsenhausen\/#website\",\"url\":\"https:\/\/www.elements.com\/henninger-turm\/fitnessstudio-sachsenhausen\/\",\"name\":\"ELEMENTS Henninger Turm\",\"description\":\"\",\"potentialAction\":[{\"@type\":\"SearchAction\",\"target\":{\"@type\":\"EntryPoint\",\"urlTemplate\":\"https:\/\/www.elements.com\/henninger-turm\/fitnessstudio-sachsenhausen\/?s={search_term_string}\"},\"query-input\":{\"@type\":\"PropertyValueSpecification\",\"valueRequired\":true,\"valueName\":\"search_term_string\"}}],\"inLanguage\":\"de\"}]}<\/script>\n<!-- \/ Yoast SEO plugin. -->","yoast_head_json":{"title":"ELEMENTS Henninger Turm - Fitnessstudio Frankfurt-Sachsenhausen","description":"Mitten in Frankfurt-Sachsenhausen bietet ELEMENTS Fitness und Wellness ein Fitnessstudio mit Rooftop Pool und sch\u00f6nstem Skylineblick.","robots":{"index":"index","follow":"follow","max-snippet":"max-snippet:-1","max-image-preview":"max-image-preview:large","max-video-preview":"max-video-preview:-1"},"canonical":"https:\/\/www.elements.com\/henninger-turm\/fitnessstudio-sachsenhausen\/","og_locale":"de_DE","og_type":"article","og_title":"ELEMENTS Henninger Turm - Fitnessstudio Frankfurt-Sachsenhausen","og_description":"Mitten in Frankfurt-Sachsenhausen bietet ELEMENTS Fitness und Wellness ein Fitnessstudio mit Rooftop Pool und sch\u00f6nstem Skylineblick.","og_url":"https:\/\/www.elements.com\/henninger-turm\/fitnessstudio-sachsenhausen\/","og_site_name":"ELEMENTS Henninger Turm","article_modified_time":"2025-12-16T14:51:33+00:00","og_image":[{"width":2560,"height":1715,"url":"https:\/\/www.elements.com\/app\/uploads\/sites\/9\/2025\/07\/studiobilder-henninger-turm-scaled.webp","type":"image\/webp"}],"twitter_card":"summary_large_image","twitter_misc":{"Gesch\u00e4tzte Lesezeit":"3\u00a0Minuten"},"schema":{"@context":"https:\/\/schema.org","@graph":[{"@type":"WebPage","@id":"https:\/\/www.elements.com\/henninger-turm\/fitnessstudio-sachsenhausen\/","url":"https:\/\/www.elements.com\/henninger-turm\/fitnessstudio-sachsenhausen\/","name":"ELEMENTS Henninger Turm - Fitnessstudio Frankfurt-Sachsenhausen","isPartOf":{"@id":"https:\/\/www.elements.com\/henninger-turm\/fitnessstudio-sachsenhausen\/#website"},"primaryImageOfPage":{"@id":"https:\/\/www.elements.com\/henninger-turm\/fitnessstudio-sachsenhausen\/#primaryimage"},"image":{"@id":"https:\/\/www.elements.com\/henninger-turm\/fitnessstudio-sachsenhausen\/#primaryimage"},"thumbnailUrl":"https:\/\/www.elements.com\/app\/uploads\/sites\/9\/2025\/07\/studiobilder-henninger-turm-scaled.webp","datePublished":"2016-10-10T12:17:22+00:00","dateModified":"2025-12-16T14:51:33+00:00","description":"Mitten in Frankfurt-Sachsenhausen bietet ELEMENTS Fitness und Wellness ein Fitnessstudio mit Rooftop Pool und sch\u00f6nstem Skylineblick.","breadcrumb":{"@id":"https:\/\/www.elements.com\/henninger-turm\/fitnessstudio-sachsenhausen\/#breadcrumb"},"inLanguage":"de","potentialAction":[{"@type":"ReadAction","target":["https:\/\/www.elements.com\/henninger-turm\/fitnessstudio-sachsenhausen\/"]}]},{"@type":"ImageObject","inLanguage":"de","@id":"https:\/\/www.elements.com\/henninger-turm\/fitnessstudio-sachsenhausen\/#primaryimage","url":"https:\/\/www.elements.com\/app\/uploads\/sites\/9\/2025\/07\/studiobilder-henninger-turm-scaled.webp","contentUrl":"https:\/\/www.elements.com\/app\/uploads\/sites\/9\/2025\/07\/studiobilder-henninger-turm-scaled.webp","width":2560,"height":1715},{"@type":"BreadcrumbList","@id":"https:\/\/www.elements.com\/henninger-turm\/fitnessstudio-sachsenhausen\/#breadcrumb","itemListElement":[{"@type":"ListItem","position":1,"name":"Home","item":"https:\/\/www.elements.com\/henninger-turm\/fitnessstudio-sachsenhausen\/"},{"@type":"ListItem","position":2,"name":"Startseite"}]},{"@type":"WebSite","@id":"https:\/\/www.elements.com\/henninger-turm\/fitnessstudio-sachsenhausen\/#website","url":"https:\/\/www.elements.com\/henninger-turm\/fitnessstudio-sachsenhausen\/","name":"ELEMENTS Henninger Turm","description":"","potentialAction":[{"@type":"SearchAction","target":{"@type":"EntryPoint","urlTemplate":"https:\/\/www.elements.com\/henninger-turm\/fitnessstudio-sachsenhausen\/?s={search_term_string}"},"query-input":{"@type":"PropertyValueSpecification","valueRequired":true,"valueName":"search_term_string"}}],"inLanguage":"de"}]}},"_links":{"self":[{"href":"https:\/\/www.elements.com\/henninger-turm\/fitnessstudio-sachsenhausen\/wp-json\/wp\/v2\/pages\/5","targetHints":{"allow":["GET"]}}],"collection":[{"href":"https:\/\/www.elements.com\/henninger-turm\/fitnessstudio-sachsenhausen\/wp-json\/wp\/v2\/pages"}],"about":[{"href":"https:\/\/www.elements.com\/henninger-turm\/fitnessstudio-sachsenhausen\/wp-json\/wp\/v2\/types\/page"}],"author":[{"embeddable":true,"href":"https:\/\/www.elements.com\/henninger-turm\/fitnessstudio-sachsenhausen\/wp-json\/wp\/v2\/users\/1"}],"replies":[{"embeddable":true,"href":"https:\/\/www.elements.com\/henninger-turm\/fitnessstudio-sachsenhausen\/wp-json\/wp\/v2\/comments?post=5"}],"version-history":[{"count":85,"href":"https:\/\/www.elements.com\/henninger-turm\/fitnessstudio-sachsenhausen\/wp-json\/wp\/v2\/pages\/5\/revisions"}],"predecessor-version":[{"id":3429,"href":"https:\/\/www.elements.com\/henninger-turm\/fitnessstudio-sachsenhausen\/wp-json\/wp\/v2\/pages\/5\/revisions\/3429"}],"wp:featuredmedia":[{"embeddable":true,"href":"https:\/\/www.elements.com\/henninger-turm\/fitnessstudio-sachsenhausen\/wp-json\/wp\/v2\/media\/3377"}],"wp:attachment":[{"href":"https:\/\/www.elements.com\/henninger-turm\/fitnessstudio-sachsenhausen\/wp-json\/wp\/v2\/media?parent=5"}],"curies":[{"name":"wp","href":"https:\/\/api.w.org\/{rel}","templated":true}]}}