{"id":5,"date":"2016-10-10T14:17:22","date_gmt":"2016-10-10T12:17:22","guid":{"rendered":"https:\/\/www.elements.com\/donnersbergerbruecke\/?page_id=5"},"modified":"2025-12-16T15:48:43","modified_gmt":"2025-12-16T14:48:43","slug":"startseite","status":"publish","type":"page","link":"https:\/\/www.elements.com\/donnersbergerbruecke\/fitnessstudio-neuhausen\/","title":{"rendered":"Startseite"},"content":{"rendered":"<div class=\"wpb-content-wrapper\"><p>[vc_row][vc_column width=&#8220;1\/2&#8243;][vc_column_text]<\/p>\n<h1>ELEMENTS Donnersbergerbr\u00fccke &#8211; Mitten in M\u00fcnchen<\/h1>\n<h2>Das erste ELEMENTS Fitness und Wellness<\/h2>\n<hr \/>\n<p>In Deutschlands erstem ELEMENTS erwartet Sie Fitness und Wellness mit einem stilvollen Natur-Ambiente. Die Lage ist zentral, direkt an der Donnersbergerbr\u00fccke und bietet auch f\u00fcr Pendler aus dem Umland eine sehr gute Anbindung.<\/p>\n<p>Das ELEMENTS Donnersbergerbr\u00fccke erwartet Sie mit einer erstklassigen Ausstattung, einem fundierten Trainingskonzept und einer pers\u00f6nlichen Beratung. Samt Wellnessbereich auf 5-Sterne-Niveau.[\/vc_column_text][vc_btn title=&#8220;Jetzt Probetraining starten&#8220; align=&#8220;left&#8220; link=&#8220;url:https%3A%2F%2Fwww.elements.com%2Fprobetraining%2F|||&#8220; el_class=&#8220;rot&#8220;][\/vc_column][vc_column width=&#8220;1\/2&#8243;][vc_single_image image=&#8220;297&#8243; img_size=&#8220;medium&#8220;][\/vc_column][\/vc_row][vc_row][vc_column][vc_tta_accordion active_section=&#8220;&#8220; collapsible_all=&#8220;true&#8220;][vc_tta_section title=&#8220;Fitness und Group Fitness&#8220; tab_id=&#8220;1483103593811-7d5c12aa-96ef&#8220;][vc_column_text]<\/p>\n<ul>\n<li>\u00dcber 130 Trainingsger\u00e4te<\/li>\n<li>Muskel- und Cardiotraining<\/li>\n<li>Vollelektronisch gesteuerter Kraftzirkel<\/li>\n<li>Functional Area<\/li>\n<li>Boxing Area<\/li>\n<li>Personal Training*<\/li>\n<li>Umfangreiches Kursprogramm in 2 Kursr\u00e4umen<\/li>\n<li>Intensive Trainingsberatung- und -betreuung<\/li>\n<li>Fitnesstests und K\u00f6rperanalysen<\/li>\n<\/ul>\n<p>[\/vc_column_text][\/vc_tta_section][vc_tta_section title=&#8220;Wellness&#8220; tab_id=&#8220;1483103593848-5eeaccd2-bc81&#8243;][vc_column_text]<\/p>\n<ul>\n<li>Finnische Sauna, Dampfbad, Bio Sauna<\/li>\n<li>Separater Damenwellnessbereich<\/li>\n<li>Behandlungen &amp; Massagen*<\/li>\n<\/ul>\n<p>[\/vc_column_text][\/vc_tta_section][vc_tta_section title=&#8220;Service&#8220; tab_id=&#8220;1483103730188-c92e67f6-5030&#8243;][vc_column_text]<\/p>\n<ul>\n<li>Parkpl\u00e4tze<\/li>\n<li>WLAN<\/li>\n<li>Kostenlose Trinkstationen<\/li>\n<li>Physiotherapie*<\/li>\n<li>Kaffee &amp; Espresso Bar*<\/li>\n<li>Gesunde Drinks &amp; Snacks*<\/li>\n<li>Handtuchservice*<\/li>\n<li>Privater Spind*<\/li>\n<\/ul>\n<p>[\/vc_column_text][\/vc_tta_section][\/vc_tta_accordion][vc_column_text]<\/p>\n<h5>Das erwartet Sie in Ihrem Fitnessstudio an der Donnersbergerbr\u00fccke<\/h5>\n<hr \/>\n<p>Kriegen Sie Ihren Kopf frei mit Kraft-, Cardio- oder Functional Training. Sie trainieren lieber im Team? Unsere <a href=\"https:\/\/www.elements.com\/services\/group-fitness\/\">Group Fitness Kurse<\/a> bieten ein umfangreiches Kursprogramm und damit jede Menge Alternativen zum Training an unseren 130 modernen Ger\u00e4ten. G\u00f6nnen Sie sich und Ihrem K\u00f6rper nach der Trainingseinheit einen Besuch im <a href=\"https:\/\/www.elements.com\/services\/sauna\/\">Wellnessbereich<\/a>. In Ihrem Fitnessstudio an der Donnersbergerbr\u00fccke stehen Ihnen neben einer Finnischen Sauna, Bio Sauna und Dampfbad auch ein gro\u00dfz\u00fcgiger Ruhebereich sowie ein separater <a href=\"https:\/\/www.elements.com\/services\/damensauna\/\">Damenwellnessbereich<\/a> zur Verf\u00fcgung.<\/p>\n<p>Sie ben\u00f6tigen eine physiotherapeutische Behandlung oder eine <a href=\"https:\/\/www.elements.com\/services\/massagen\/\">Massage<\/a>? Unsere Mitarbeiter am Empfang informieren Sie gerne \u00fcber die Preise und buchen Ihnen Ihre Wunschbehandlung.<\/p>\n<p>Gerne unterst\u00fctzen wir Sie mit <a href=\"https:\/\/www.elements.com\/services\/trainingsbetreuung\/\">Trainingsbetreuung<\/a>, regelm\u00e4\u00dfigen Fitnesstests und K\u00f6rperanalysen, damit Sie schnell Trainingserfolge feststellen k\u00f6nnen. W\u00fcnschen Sie individuelle Betreuung? Unsere <a href=\"https:\/\/www.elements.com\/services\/personal-training-im-fitnessstudio\/\">Personal Trainer <\/a>bringen Sie effektiv an Ihr pers\u00f6nliches Ziel.<\/p>\n<p>Wie allen Mitgliedern der ELEMENTS Fitnessstudios in M\u00fcnchen steht Ihnen an der Donnersbergerbr\u00fccke auch ein vollelektronisch gesteuerter Kraftzirkel von eGym zur Verf\u00fcgung, der Sie beim Training unterst\u00fctzt. Dieses vollautomatisierte Training speichert Ihre Trainingsdaten, so dass Sie sich voll und ganz auf das Training selbst konzentrieren k\u00f6nnen.<\/p>\n<p>Sollten Sie einmal keine Zeit finden, um pers\u00f6nlich in Ihrem Lieblingsstudio vorbei zu kommen, dann trainieren Sie ganz einfach mit <a href=\"https:\/\/www.elements.com\/services\/online-fitness\/\">ELEMENTS2GO<\/a> wann und wo sie m\u00f6chten.[\/vc_column_text][\/vc_column][\/vc_row][vc_row][vc_column width=&#8220;1\/4&#8243;][vc_single_image image=&#8220;835&#8243;][\/vc_column][vc_column width=&#8220;3\/4&#8243;][vc_column_text]<\/p>\n<h5>Lage und Anbindung<\/h5>\n<hr \/>\n<p>Die Donnersbergerbr\u00fccke verbindet die Stadteile Schwanthalerh\u00f6he und Neuhausen. Das Studio ist in der Erika-Mann-Stra\u00dfe 61, mitten zwischen B\u00fcrogeb\u00e4uden und Wohnh\u00e4usern.<\/p>\n<p>Da die Donnersbergerbr\u00fccke ein Knotenpunkt der S-Bahn M\u00fcnchen ist, ist das Fitnessstudio mit den \u00f6ffentlichen Verkehrsmitteln sehr leicht zu erreichen:<\/p>\n<ul>\n<li>Haltestelle Donnersbergerbr\u00fccke: Ca. 2 Gehminuten.\u00a0S-Bahnlinien: S1\/S2\/S3\/S4\/S6\/S7\/S8<\/li>\n<li>Hauptbahnhof M\u00fcnchen: Ca. 22 Minuten zu Fu\u00df.\u00a0Mit der S-Bahn 3 Minuten.<\/li>\n<\/ul>\n<p>[\/vc_column_text][\/vc_column][\/vc_row][vc_row][vc_column width=&#8220;1\/4&#8243;][vc_single_image image=&#8220;836&#8243;][\/vc_column][vc_column width=&#8220;3\/4&#8243;][vc_column_text]<\/p>\n<h5>Parken bei ELEMENTS<\/h5>\n<hr \/>\n<p>Wenn Sie das ELEMENTS Donnersbergerbr\u00fccke mit dem Auto besuchen m\u00f6chten, dann stehen Ihnen Parkpl\u00e4tze direkt unter der Donnersbergerbr\u00fccke rund um die Uhr zur Verf\u00fcgung.<\/p>\n<p>ELEMENTS Mitglieder parken hier w\u00e4hrend des Trainings kostenfrei. Einfach ELEMENTS-Mitgliedsband zur Einfahrt benutzen.[\/vc_column_text][\/vc_column][\/vc_row][vc_row][vc_column][vc_column_text]* Leistungsangebot gegen Aufpreis[\/vc_column_text][\/vc_column][\/vc_row]<\/p>\n<\/div>","protected":false},"excerpt":{"rendered":"<p>[vc_row][vc_column width=&#8220;1\/2&#8243;][vc_column_text] ELEMENTS Donnersbergerbr\u00fccke &#8211; Mitten in M\u00fcnchen Das erste ELEMENTS Fitness und Wellness In Deutschlands erstem ELEMENTS erwartet Sie Fitness und Wellness mit einem stilvollen Natur-Ambiente. Die Lage ist zentral, direkt an der Donnersbergerbr\u00fccke und bietet auch f\u00fcr Pendler aus dem Umland eine sehr gute Anbindung. Das ELEMENTS Donnersbergerbr\u00fccke erwartet Sie mit einer erstklassigen &hellip; <a href=\"https:\/\/www.elements.com\/donnersbergerbruecke\/fitnessstudio-neuhausen\/\">Continued<\/a><\/p>\n","protected":false},"author":1,"featured_media":3024,"parent":0,"menu_order":0,"comment_status":"closed","ping_status":"closed","template":"template-home.php","meta":{"_acf_changed":false,"footnotes":""},"class_list":["post-5","page","type-page","status-publish","has-post-thumbnail","hentry"],"acf":[],"yoast_head":"<!-- This site is optimized with the Yoast SEO plugin v25.4 - https:\/\/yoast.com\/wordpress\/plugins\/seo\/ -->\n<title>ELEMENTS Donnersbergerbr\u00fccke - Fitnessstudio mitten in M\u00fcnchen<\/title>\n<meta name=\"description\" content=\"Das ELEMENTS Donnersbergerbr\u00fccke ist das erste ELEMENTS Deutschlands. Im Zentrum M\u00fcnchens erleben Sie Fitness und Wellness auf 2.700 qm Gesamtfl\u00e4che.\" \/>\n<meta name=\"robots\" content=\"index, follow, max-snippet:-1, max-image-preview:large, max-video-preview:-1\" \/>\n<link rel=\"canonical\" href=\"https:\/\/www.elements.com\/donnersbergerbruecke\/fitnessstudio-neuhausen\/\" \/>\n<meta property=\"og:locale\" content=\"de_DE\" \/>\n<meta property=\"og:type\" content=\"article\" \/>\n<meta property=\"og:title\" content=\"ELEMENTS Donnersbergerbr\u00fccke - Fitnessstudio mitten in M\u00fcnchen\" \/>\n<meta property=\"og:description\" content=\"Das ELEMENTS Donnersbergerbr\u00fccke ist das erste ELEMENTS Deutschlands. Im Zentrum M\u00fcnchens erleben Sie Fitness und Wellness auf 2.700 qm Gesamtfl\u00e4che.\" \/>\n<meta property=\"og:url\" content=\"https:\/\/www.elements.com\/donnersbergerbruecke\/fitnessstudio-neuhausen\/\" \/>\n<meta property=\"og:site_name\" content=\"ELEMENTS Donnersbergerbr\u00fccke\" \/>\n<meta property=\"article:modified_time\" content=\"2025-12-16T14:48:43+00:00\" \/>\n<meta property=\"og:image\" content=\"https:\/\/www.elements.com\/app\/uploads\/sites\/3\/2025\/07\/studiobilder-donnersbergerbruecke-scaled.webp\" \/>\n\t<meta property=\"og:image:width\" content=\"2560\" \/>\n\t<meta property=\"og:image:height\" content=\"1715\" \/>\n\t<meta property=\"og:image:type\" content=\"image\/webp\" \/>\n<meta name=\"twitter:card\" content=\"summary_large_image\" \/>\n<meta name=\"twitter:label1\" content=\"Gesch\u00e4tzte Lesezeit\" \/>\n\t<meta name=\"twitter:data1\" content=\"4\u00a0Minuten\" \/>\n<script type=\"application\/ld+json\" class=\"yoast-schema-graph\">{\"@context\":\"https:\/\/schema.org\",\"@graph\":[{\"@type\":\"WebPage\",\"@id\":\"https:\/\/www.elements.com\/donnersbergerbruecke\/fitnessstudio-neuhausen\/\",\"url\":\"https:\/\/www.elements.com\/donnersbergerbruecke\/fitnessstudio-neuhausen\/\",\"name\":\"ELEMENTS Donnersbergerbr\u00fccke - Fitnessstudio mitten in M\u00fcnchen\",\"isPartOf\":{\"@id\":\"https:\/\/www.elements.com\/donnersbergerbruecke\/fitnessstudio-neuhausen\/#website\"},\"primaryImageOfPage\":{\"@id\":\"https:\/\/www.elements.com\/donnersbergerbruecke\/fitnessstudio-neuhausen\/#primaryimage\"},\"image\":{\"@id\":\"https:\/\/www.elements.com\/donnersbergerbruecke\/fitnessstudio-neuhausen\/#primaryimage\"},\"thumbnailUrl\":\"https:\/\/www.elements.com\/app\/uploads\/sites\/3\/2025\/07\/studiobilder-donnersbergerbruecke-scaled.webp\",\"datePublished\":\"2016-10-10T12:17:22+00:00\",\"dateModified\":\"2025-12-16T14:48:43+00:00\",\"description\":\"Das ELEMENTS Donnersbergerbr\u00fccke ist das erste ELEMENTS Deutschlands. Im Zentrum M\u00fcnchens erleben Sie Fitness und Wellness auf 2.700 qm Gesamtfl\u00e4che.\",\"breadcrumb\":{\"@id\":\"https:\/\/www.elements.com\/donnersbergerbruecke\/fitnessstudio-neuhausen\/#breadcrumb\"},\"inLanguage\":\"de\",\"potentialAction\":[{\"@type\":\"ReadAction\",\"target\":[\"https:\/\/www.elements.com\/donnersbergerbruecke\/fitnessstudio-neuhausen\/\"]}]},{\"@type\":\"ImageObject\",\"inLanguage\":\"de\",\"@id\":\"https:\/\/www.elements.com\/donnersbergerbruecke\/fitnessstudio-neuhausen\/#primaryimage\",\"url\":\"https:\/\/www.elements.com\/app\/uploads\/sites\/3\/2025\/07\/studiobilder-donnersbergerbruecke-scaled.webp\",\"contentUrl\":\"https:\/\/www.elements.com\/app\/uploads\/sites\/3\/2025\/07\/studiobilder-donnersbergerbruecke-scaled.webp\",\"width\":2560,\"height\":1715},{\"@type\":\"BreadcrumbList\",\"@id\":\"https:\/\/www.elements.com\/donnersbergerbruecke\/fitnessstudio-neuhausen\/#breadcrumb\",\"itemListElement\":[{\"@type\":\"ListItem\",\"position\":1,\"name\":\"Home\",\"item\":\"https:\/\/www.elements.com\/donnersbergerbruecke\/fitnessstudio-neuhausen\/\"},{\"@type\":\"ListItem\",\"position\":2,\"name\":\"Startseite\"}]},{\"@type\":\"WebSite\",\"@id\":\"https:\/\/www.elements.com\/donnersbergerbruecke\/fitnessstudio-neuhausen\/#website\",\"url\":\"https:\/\/www.elements.com\/donnersbergerbruecke\/fitnessstudio-neuhausen\/\",\"name\":\"ELEMENTS Donnersbergerbr\u00fccke\",\"description\":\"\",\"potentialAction\":[{\"@type\":\"SearchAction\",\"target\":{\"@type\":\"EntryPoint\",\"urlTemplate\":\"https:\/\/www.elements.com\/donnersbergerbruecke\/fitnessstudio-neuhausen\/?s={search_term_string}\"},\"query-input\":{\"@type\":\"PropertyValueSpecification\",\"valueRequired\":true,\"valueName\":\"search_term_string\"}}],\"inLanguage\":\"de\"}]}<\/script>\n<!-- \/ Yoast SEO plugin. -->","yoast_head_json":{"title":"ELEMENTS Donnersbergerbr\u00fccke - Fitnessstudio mitten in M\u00fcnchen","description":"Das ELEMENTS Donnersbergerbr\u00fccke ist das erste ELEMENTS Deutschlands. Im Zentrum M\u00fcnchens erleben Sie Fitness und Wellness auf 2.700 qm Gesamtfl\u00e4che.","robots":{"index":"index","follow":"follow","max-snippet":"max-snippet:-1","max-image-preview":"max-image-preview:large","max-video-preview":"max-video-preview:-1"},"canonical":"https:\/\/www.elements.com\/donnersbergerbruecke\/fitnessstudio-neuhausen\/","og_locale":"de_DE","og_type":"article","og_title":"ELEMENTS Donnersbergerbr\u00fccke - Fitnessstudio mitten in M\u00fcnchen","og_description":"Das ELEMENTS Donnersbergerbr\u00fccke ist das erste ELEMENTS Deutschlands. Im Zentrum M\u00fcnchens erleben Sie Fitness und Wellness auf 2.700 qm Gesamtfl\u00e4che.","og_url":"https:\/\/www.elements.com\/donnersbergerbruecke\/fitnessstudio-neuhausen\/","og_site_name":"ELEMENTS Donnersbergerbr\u00fccke","article_modified_time":"2025-12-16T14:48:43+00:00","og_image":[{"width":2560,"height":1715,"url":"https:\/\/www.elements.com\/app\/uploads\/sites\/3\/2025\/07\/studiobilder-donnersbergerbruecke-scaled.webp","type":"image\/webp"}],"twitter_card":"summary_large_image","twitter_misc":{"Gesch\u00e4tzte Lesezeit":"4\u00a0Minuten"},"schema":{"@context":"https:\/\/schema.org","@graph":[{"@type":"WebPage","@id":"https:\/\/www.elements.com\/donnersbergerbruecke\/fitnessstudio-neuhausen\/","url":"https:\/\/www.elements.com\/donnersbergerbruecke\/fitnessstudio-neuhausen\/","name":"ELEMENTS Donnersbergerbr\u00fccke - Fitnessstudio mitten in M\u00fcnchen","isPartOf":{"@id":"https:\/\/www.elements.com\/donnersbergerbruecke\/fitnessstudio-neuhausen\/#website"},"primaryImageOfPage":{"@id":"https:\/\/www.elements.com\/donnersbergerbruecke\/fitnessstudio-neuhausen\/#primaryimage"},"image":{"@id":"https:\/\/www.elements.com\/donnersbergerbruecke\/fitnessstudio-neuhausen\/#primaryimage"},"thumbnailUrl":"https:\/\/www.elements.com\/app\/uploads\/sites\/3\/2025\/07\/studiobilder-donnersbergerbruecke-scaled.webp","datePublished":"2016-10-10T12:17:22+00:00","dateModified":"2025-12-16T14:48:43+00:00","description":"Das ELEMENTS Donnersbergerbr\u00fccke ist das erste ELEMENTS Deutschlands. Im Zentrum M\u00fcnchens erleben Sie Fitness und Wellness auf 2.700 qm Gesamtfl\u00e4che.","breadcrumb":{"@id":"https:\/\/www.elements.com\/donnersbergerbruecke\/fitnessstudio-neuhausen\/#breadcrumb"},"inLanguage":"de","potentialAction":[{"@type":"ReadAction","target":["https:\/\/www.elements.com\/donnersbergerbruecke\/fitnessstudio-neuhausen\/"]}]},{"@type":"ImageObject","inLanguage":"de","@id":"https:\/\/www.elements.com\/donnersbergerbruecke\/fitnessstudio-neuhausen\/#primaryimage","url":"https:\/\/www.elements.com\/app\/uploads\/sites\/3\/2025\/07\/studiobilder-donnersbergerbruecke-scaled.webp","contentUrl":"https:\/\/www.elements.com\/app\/uploads\/sites\/3\/2025\/07\/studiobilder-donnersbergerbruecke-scaled.webp","width":2560,"height":1715},{"@type":"BreadcrumbList","@id":"https:\/\/www.elements.com\/donnersbergerbruecke\/fitnessstudio-neuhausen\/#breadcrumb","itemListElement":[{"@type":"ListItem","position":1,"name":"Home","item":"https:\/\/www.elements.com\/donnersbergerbruecke\/fitnessstudio-neuhausen\/"},{"@type":"ListItem","position":2,"name":"Startseite"}]},{"@type":"WebSite","@id":"https:\/\/www.elements.com\/donnersbergerbruecke\/fitnessstudio-neuhausen\/#website","url":"https:\/\/www.elements.com\/donnersbergerbruecke\/fitnessstudio-neuhausen\/","name":"ELEMENTS Donnersbergerbr\u00fccke","description":"","potentialAction":[{"@type":"SearchAction","target":{"@type":"EntryPoint","urlTemplate":"https:\/\/www.elements.com\/donnersbergerbruecke\/fitnessstudio-neuhausen\/?s={search_term_string}"},"query-input":{"@type":"PropertyValueSpecification","valueRequired":true,"valueName":"search_term_string"}}],"inLanguage":"de"}]}},"_links":{"self":[{"href":"https:\/\/www.elements.com\/donnersbergerbruecke\/fitnessstudio-neuhausen\/wp-json\/wp\/v2\/pages\/5","targetHints":{"allow":["GET"]}}],"collection":[{"href":"https:\/\/www.elements.com\/donnersbergerbruecke\/fitnessstudio-neuhausen\/wp-json\/wp\/v2\/pages"}],"about":[{"href":"https:\/\/www.elements.com\/donnersbergerbruecke\/fitnessstudio-neuhausen\/wp-json\/wp\/v2\/types\/page"}],"author":[{"embeddable":true,"href":"https:\/\/www.elements.com\/donnersbergerbruecke\/fitnessstudio-neuhausen\/wp-json\/wp\/v2\/users\/1"}],"replies":[{"embeddable":true,"href":"https:\/\/www.elements.com\/donnersbergerbruecke\/fitnessstudio-neuhausen\/wp-json\/wp\/v2\/comments?post=5"}],"version-history":[{"count":43,"href":"https:\/\/www.elements.com\/donnersbergerbruecke\/fitnessstudio-neuhausen\/wp-json\/wp\/v2\/pages\/5\/revisions"}],"predecessor-version":[{"id":3060,"href":"https:\/\/www.elements.com\/donnersbergerbruecke\/fitnessstudio-neuhausen\/wp-json\/wp\/v2\/pages\/5\/revisions\/3060"}],"wp:featuredmedia":[{"embeddable":true,"href":"https:\/\/www.elements.com\/donnersbergerbruecke\/fitnessstudio-neuhausen\/wp-json\/wp\/v2\/media\/3024"}],"wp:attachment":[{"href":"https:\/\/www.elements.com\/donnersbergerbruecke\/fitnessstudio-neuhausen\/wp-json\/wp\/v2\/media?parent=5"}],"curies":[{"name":"wp","href":"https:\/\/api.w.org\/{rel}","templated":true}]}}