{"id":269,"date":"2016-10-11T10:51:00","date_gmt":"2016-10-11T08:51:00","guid":{"rendered":"https:\/\/www.elements.com\/donnersbergerbruecke\/?page_id=269"},"modified":"2017-01-17T15:26:11","modified_gmt":"2017-01-17T14:26:11","slug":"team","status":"publish","type":"page","link":"https:\/\/www.elements.com\/donnersbergerbruecke\/fitnessstudio-neuhausen\/team\/","title":{"rendered":"Team"},"content":{"rendered":"","protected":false},"excerpt":{"rendered":"","protected":false},"author":1,"featured_media":315,"parent":0,"menu_order":0,"comment_status":"closed","ping_status":"closed","template":"template-trainer.php","meta":{"_acf_changed":false,"footnotes":""},"class_list":["post-269","page","type-page","status-publish","has-post-thumbnail","hentry"],"acf":[],"yoast_head":"<!-- This site is optimized with the Yoast SEO plugin v25.4 - https:\/\/yoast.com\/wordpress\/plugins\/seo\/ -->\n<title>Team ELEMENTS Donnersbergerbr\u00fccke - pers\u00f6nlich und fair<\/title>\n<meta name=\"description\" content=\"Das Team ELEMENTS Donnersbergerb\u00fccke ist gerne f\u00fcr Sie da: Wir sind Ihr pers\u00f6nlicher Berater und Fitnesscoach und haben f\u00fcr Fragen immer ein offenes Ohr.\" \/>\n<meta name=\"robots\" content=\"index, follow, max-snippet:-1, max-image-preview:large, max-video-preview:-1\" \/>\n<link rel=\"canonical\" href=\"https:\/\/www.elements.com\/donnersbergerbruecke\/fitnessstudio-neuhausen\/team\/\" \/>\n<meta property=\"og:locale\" content=\"de_DE\" \/>\n<meta property=\"og:type\" content=\"article\" \/>\n<meta property=\"og:title\" content=\"Team ELEMENTS Donnersbergerbr\u00fccke - pers\u00f6nlich und fair\" \/>\n<meta property=\"og:description\" content=\"Das Team ELEMENTS Donnersbergerb\u00fccke ist gerne f\u00fcr Sie da: Wir sind Ihr pers\u00f6nlicher Berater und Fitnesscoach und haben f\u00fcr Fragen immer ein offenes Ohr.\" \/>\n<meta property=\"og:url\" content=\"https:\/\/www.elements.com\/donnersbergerbruecke\/fitnessstudio-neuhausen\/team\/\" \/>\n<meta property=\"og:site_name\" content=\"ELEMENTS Donnersbergerbr\u00fccke\" \/>\n<meta property=\"article:modified_time\" content=\"2017-01-17T14:26:11+00:00\" \/>\n<meta property=\"og:image\" content=\"https:\/\/www.elements.com\/app\/uploads\/sites\/3\/2016\/10\/161110_mfd_09-headerbilder-empfang_sm.jpg\" \/>\n\t<meta property=\"og:image:width\" content=\"1385\" \/>\n\t<meta property=\"og:image:height\" content=\"350\" \/>\n\t<meta property=\"og:image:type\" content=\"image\/jpeg\" \/>\n<meta name=\"twitter:card\" content=\"summary_large_image\" \/>\n<script type=\"application\/ld+json\" class=\"yoast-schema-graph\">{\"@context\":\"https:\/\/schema.org\",\"@graph\":[{\"@type\":\"WebPage\",\"@id\":\"https:\/\/www.elements.com\/donnersbergerbruecke\/fitnessstudio-neuhausen\/team\/\",\"url\":\"https:\/\/www.elements.com\/donnersbergerbruecke\/fitnessstudio-neuhausen\/team\/\",\"name\":\"Team ELEMENTS Donnersbergerbr\u00fccke - pers\u00f6nlich und fair\",\"isPartOf\":{\"@id\":\"https:\/\/www.elements.com\/donnersbergerbruecke\/fitnessstudio-neuhausen\/#website\"},\"primaryImageOfPage\":{\"@id\":\"https:\/\/www.elements.com\/donnersbergerbruecke\/fitnessstudio-neuhausen\/team\/#primaryimage\"},\"image\":{\"@id\":\"https:\/\/www.elements.com\/donnersbergerbruecke\/fitnessstudio-neuhausen\/team\/#primaryimage\"},\"thumbnailUrl\":\"https:\/\/www.elements.com\/app\/uploads\/sites\/3\/2016\/10\/161110_mfd_09-headerbilder-empfang_sm.jpg\",\"datePublished\":\"2016-10-11T08:51:00+00:00\",\"dateModified\":\"2017-01-17T14:26:11+00:00\",\"description\":\"Das Team ELEMENTS Donnersbergerb\u00fccke ist gerne f\u00fcr Sie da: Wir sind Ihr pers\u00f6nlicher Berater und Fitnesscoach und haben f\u00fcr Fragen immer ein offenes Ohr.\",\"breadcrumb\":{\"@id\":\"https:\/\/www.elements.com\/donnersbergerbruecke\/fitnessstudio-neuhausen\/team\/#breadcrumb\"},\"inLanguage\":\"de\",\"potentialAction\":[{\"@type\":\"ReadAction\",\"target\":[\"https:\/\/www.elements.com\/donnersbergerbruecke\/fitnessstudio-neuhausen\/team\/\"]}]},{\"@type\":\"ImageObject\",\"inLanguage\":\"de\",\"@id\":\"https:\/\/www.elements.com\/donnersbergerbruecke\/fitnessstudio-neuhausen\/team\/#primaryimage\",\"url\":\"https:\/\/www.elements.com\/app\/uploads\/sites\/3\/2016\/10\/161110_mfd_09-headerbilder-empfang_sm.jpg\",\"contentUrl\":\"https:\/\/www.elements.com\/app\/uploads\/sites\/3\/2016\/10\/161110_mfd_09-headerbilder-empfang_sm.jpg\",\"width\":1385,\"height\":350},{\"@type\":\"BreadcrumbList\",\"@id\":\"https:\/\/www.elements.com\/donnersbergerbruecke\/fitnessstudio-neuhausen\/team\/#breadcrumb\",\"itemListElement\":[{\"@type\":\"ListItem\",\"position\":1,\"name\":\"Home\",\"item\":\"https:\/\/www.elements.com\/donnersbergerbruecke\/fitnessstudio-neuhausen\/\"},{\"@type\":\"ListItem\",\"position\":2,\"name\":\"Team\"}]},{\"@type\":\"WebSite\",\"@id\":\"https:\/\/www.elements.com\/donnersbergerbruecke\/fitnessstudio-neuhausen\/#website\",\"url\":\"https:\/\/www.elements.com\/donnersbergerbruecke\/fitnessstudio-neuhausen\/\",\"name\":\"ELEMENTS Donnersbergerbr\u00fccke\",\"description\":\"\",\"potentialAction\":[{\"@type\":\"SearchAction\",\"target\":{\"@type\":\"EntryPoint\",\"urlTemplate\":\"https:\/\/www.elements.com\/donnersbergerbruecke\/fitnessstudio-neuhausen\/?s={search_term_string}\"},\"query-input\":{\"@type\":\"PropertyValueSpecification\",\"valueRequired\":true,\"valueName\":\"search_term_string\"}}],\"inLanguage\":\"de\"}]}<\/script>\n<!-- \/ Yoast SEO plugin. -->","yoast_head_json":{"title":"Team ELEMENTS Donnersbergerbr\u00fccke - pers\u00f6nlich und fair","description":"Das Team ELEMENTS Donnersbergerb\u00fccke ist gerne f\u00fcr Sie da: Wir sind Ihr pers\u00f6nlicher Berater und Fitnesscoach und haben f\u00fcr Fragen immer ein offenes Ohr.","robots":{"index":"index","follow":"follow","max-snippet":"max-snippet:-1","max-image-preview":"max-image-preview:large","max-video-preview":"max-video-preview:-1"},"canonical":"https:\/\/www.elements.com\/donnersbergerbruecke\/fitnessstudio-neuhausen\/team\/","og_locale":"de_DE","og_type":"article","og_title":"Team ELEMENTS Donnersbergerbr\u00fccke - pers\u00f6nlich und fair","og_description":"Das Team ELEMENTS Donnersbergerb\u00fccke ist gerne f\u00fcr Sie da: Wir sind Ihr pers\u00f6nlicher Berater und Fitnesscoach und haben f\u00fcr Fragen immer ein offenes Ohr.","og_url":"https:\/\/www.elements.com\/donnersbergerbruecke\/fitnessstudio-neuhausen\/team\/","og_site_name":"ELEMENTS Donnersbergerbr\u00fccke","article_modified_time":"2017-01-17T14:26:11+00:00","og_image":[{"width":1385,"height":350,"url":"https:\/\/www.elements.com\/app\/uploads\/sites\/3\/2016\/10\/161110_mfd_09-headerbilder-empfang_sm.jpg","type":"image\/jpeg"}],"twitter_card":"summary_large_image","schema":{"@context":"https:\/\/schema.org","@graph":[{"@type":"WebPage","@id":"https:\/\/www.elements.com\/donnersbergerbruecke\/fitnessstudio-neuhausen\/team\/","url":"https:\/\/www.elements.com\/donnersbergerbruecke\/fitnessstudio-neuhausen\/team\/","name":"Team ELEMENTS Donnersbergerbr\u00fccke - pers\u00f6nlich und fair","isPartOf":{"@id":"https:\/\/www.elements.com\/donnersbergerbruecke\/fitnessstudio-neuhausen\/#website"},"primaryImageOfPage":{"@id":"https:\/\/www.elements.com\/donnersbergerbruecke\/fitnessstudio-neuhausen\/team\/#primaryimage"},"image":{"@id":"https:\/\/www.elements.com\/donnersbergerbruecke\/fitnessstudio-neuhausen\/team\/#primaryimage"},"thumbnailUrl":"https:\/\/www.elements.com\/app\/uploads\/sites\/3\/2016\/10\/161110_mfd_09-headerbilder-empfang_sm.jpg","datePublished":"2016-10-11T08:51:00+00:00","dateModified":"2017-01-17T14:26:11+00:00","description":"Das Team ELEMENTS Donnersbergerb\u00fccke ist gerne f\u00fcr Sie da: Wir sind Ihr pers\u00f6nlicher Berater und Fitnesscoach und haben f\u00fcr Fragen immer ein offenes Ohr.","breadcrumb":{"@id":"https:\/\/www.elements.com\/donnersbergerbruecke\/fitnessstudio-neuhausen\/team\/#breadcrumb"},"inLanguage":"de","potentialAction":[{"@type":"ReadAction","target":["https:\/\/www.elements.com\/donnersbergerbruecke\/fitnessstudio-neuhausen\/team\/"]}]},{"@type":"ImageObject","inLanguage":"de","@id":"https:\/\/www.elements.com\/donnersbergerbruecke\/fitnessstudio-neuhausen\/team\/#primaryimage","url":"https:\/\/www.elements.com\/app\/uploads\/sites\/3\/2016\/10\/161110_mfd_09-headerbilder-empfang_sm.jpg","contentUrl":"https:\/\/www.elements.com\/app\/uploads\/sites\/3\/2016\/10\/161110_mfd_09-headerbilder-empfang_sm.jpg","width":1385,"height":350},{"@type":"BreadcrumbList","@id":"https:\/\/www.elements.com\/donnersbergerbruecke\/fitnessstudio-neuhausen\/team\/#breadcrumb","itemListElement":[{"@type":"ListItem","position":1,"name":"Home","item":"https:\/\/www.elements.com\/donnersbergerbruecke\/fitnessstudio-neuhausen\/"},{"@type":"ListItem","position":2,"name":"Team"}]},{"@type":"WebSite","@id":"https:\/\/www.elements.com\/donnersbergerbruecke\/fitnessstudio-neuhausen\/#website","url":"https:\/\/www.elements.com\/donnersbergerbruecke\/fitnessstudio-neuhausen\/","name":"ELEMENTS Donnersbergerbr\u00fccke","description":"","potentialAction":[{"@type":"SearchAction","target":{"@type":"EntryPoint","urlTemplate":"https:\/\/www.elements.com\/donnersbergerbruecke\/fitnessstudio-neuhausen\/?s={search_term_string}"},"query-input":{"@type":"PropertyValueSpecification","valueRequired":true,"valueName":"search_term_string"}}],"inLanguage":"de"}]}},"_links":{"self":[{"href":"https:\/\/www.elements.com\/donnersbergerbruecke\/fitnessstudio-neuhausen\/wp-json\/wp\/v2\/pages\/269","targetHints":{"allow":["GET"]}}],"collection":[{"href":"https:\/\/www.elements.com\/donnersbergerbruecke\/fitnessstudio-neuhausen\/wp-json\/wp\/v2\/pages"}],"about":[{"href":"https:\/\/www.elements.com\/donnersbergerbruecke\/fitnessstudio-neuhausen\/wp-json\/wp\/v2\/types\/page"}],"author":[{"embeddable":true,"href":"https:\/\/www.elements.com\/donnersbergerbruecke\/fitnessstudio-neuhausen\/wp-json\/wp\/v2\/users\/1"}],"replies":[{"embeddable":true,"href":"https:\/\/www.elements.com\/donnersbergerbruecke\/fitnessstudio-neuhausen\/wp-json\/wp\/v2\/comments?post=269"}],"version-history":[{"count":2,"href":"https:\/\/www.elements.com\/donnersbergerbruecke\/fitnessstudio-neuhausen\/wp-json\/wp\/v2\/pages\/269\/revisions"}],"predecessor-version":[{"id":2755,"href":"https:\/\/www.elements.com\/donnersbergerbruecke\/fitnessstudio-neuhausen\/wp-json\/wp\/v2\/pages\/269\/revisions\/2755"}],"wp:featuredmedia":[{"embeddable":true,"href":"https:\/\/www.elements.com\/donnersbergerbruecke\/fitnessstudio-neuhausen\/wp-json\/wp\/v2\/media\/315"}],"wp:attachment":[{"href":"https:\/\/www.elements.com\/donnersbergerbruecke\/fitnessstudio-neuhausen\/wp-json\/wp\/v2\/media?parent=269"}],"curies":[{"name":"wp","href":"https:\/\/api.w.org\/{rel}","templated":true}]}}