{"id":5,"date":"2016-10-10T14:17:22","date_gmt":"2016-10-10T12:17:22","guid":{"rendered":"https:\/\/www.elements.com\/balanstrasse\/?page_id=5"},"modified":"2025-12-16T15:48:06","modified_gmt":"2025-12-16T14:48:06","slug":"startseite","status":"publish","type":"page","link":"https:\/\/www.elements.com\/balanstrasse\/fitnessstudio-giesing\/","title":{"rendered":"Startseite"},"content":{"rendered":"<div class=\"wpb-content-wrapper\"><p>[vc_row][vc_column width=&#8220;1\/2&#8243;][vc_column_text]<\/p>\n<h1>ELEMENTS Balanstra\u00dfe &#8211; Fitnessstudio im Osten von M\u00fcnchen<\/h1>\n<h2>Mitten im M\u00fcnchner Osten<\/h2>\n<hr \/>\n<p>Im M\u00e4rz 2014 er\u00f6ffnete das ELEMENTS Balanstra\u00dfe im M\u00fcnchner Osten: Auf dem B\u00fcro- und Gewerbegel\u00e4nde &#8222;Neue Balan&#8220; entstand ein modernes, stilvolles und gro\u00dfz\u00fcgiges ELEMENTS Studio. Dieser Standort besticht durch seine innerst\u00e4dtische Lage in M\u00fcnchen Giesing, die Anbindung an den M\u00fcnchner Ostbahnhof, den Mittleren Ring sowie den \u00f6ffentlichen Nahverkehr. In direkter Nachbarschaft des Fitnessstudios befinden sich zahlreiche Kreativ- und Start-Up-Unternehmen. Von hier aus sind auch die beliebten Wohnlagen wie Au, Giesing, Haidhausen und Berg am Laim schnell zu erreichen.<\/p>\n<p>Es erwartet Sie eine erstklassige Ausstattung, ein fundiertes Trainingskonzept und eine pers\u00f6nliche Beratung, samt Wellnessbereich auf 5-Sterne-Niveau.[\/vc_column_text][vc_btn title=&#8220;Jetzt Probetraining starten&#8220; align=&#8220;left&#8220; link=&#8220;url:https%3A%2F%2Fwww.elements.com%2Fprobetraining%2F|||&#8220; el_class=&#8220;rot&#8220;][\/vc_column][vc_column width=&#8220;1\/2&#8243;][vc_single_image image=&#8220;299&#8243; img_size=&#8220;medium&#8220;][\/vc_column][\/vc_row][vc_row][vc_column][vc_tta_accordion active_section=&#8220;&#8220; collapsible_all=&#8220;true&#8220;][vc_tta_section title=&#8220;Fitness und Group Fitness&#8220; tab_id=&#8220;1481794093284-91cd17eb-4fb1&#8243;][vc_column_text]<\/p>\n<ul>\n<li>\u00dcber 150 Trainingsger\u00e4te<\/li>\n<li>Muskel- und Cardiotraining<\/li>\n<li>Vollelektronisch gesteuerter Kraftzirkel<\/li>\n<li>Functional Area<\/li>\n<li>Boxing Area<\/li>\n<li>Personal Training*<\/li>\n<li>Umfangreiches Kursprogramm in 2 Kursr\u00e4umen inklusive Cycling<\/li>\n<li>Intensive Trainingsberatung- und -betreuung<\/li>\n<li>Fitnesstests und K\u00f6rperanalysen<\/li>\n<li>Kinderkurse*<\/li>\n<\/ul>\n<p>[\/vc_column_text][\/vc_tta_section][vc_tta_section title=&#8220;Wellness&#8220; tab_id=&#8220;1481794093317-f16d3326-1d14&#8243;][vc_column_text]<\/p>\n<ul>\n<li>Finnische Sauna, Dampfbad, Bio Sauna<\/li>\n<li>Pool<\/li>\n<li>Separater Damenwellnessbereich<\/li>\n<li>Behandlungen &amp; Massagen*<\/li>\n<\/ul>\n<p>[\/vc_column_text][\/vc_tta_section][vc_tta_section title=&#8220;Service&#8220; tab_id=&#8220;1481794174711-bb2934db-e25f&#8220;][vc_column_text]<\/p>\n<ul>\n<li>Parkpl\u00e4tze<\/li>\n<li>WLAN<\/li>\n<li>Kostenlose Trinkstationen<\/li>\n<li>Physiotherapie*<\/li>\n<li>Bibliothek<\/li>\n<li>Kaffee &amp; Espresso Bar*<\/li>\n<li>Gesunde Drinks &amp; Snacks*<\/li>\n<li>Handtuchservice*<\/li>\n<li>Privater Spind*<\/li>\n<\/ul>\n<p>[\/vc_column_text][\/vc_tta_section][\/vc_tta_accordion][\/vc_column][\/vc_row][vc_row][vc_column][vc_column_text]<\/p>\n<h5>Das erwartet Sie in Ihrem Fitnessstudio in Giesing<\/h5>\n<hr \/>\n<p>Wir erm\u00f6glichen Ihnen eine stressfreie Anreise in Ihr Fitnessstudio im M\u00fcnchner Osten. Sie nutzen nicht die \u00f6ffentlichen Verkehrsmittel? F\u00fcr die Dauer Ihres Trainings stehen Ihnen <a href=\"https:\/\/www.elements.com\/services\/parkplatz\/\">kostenlose Parkpl\u00e4tze<\/a> im direkt angrenzenden Parkhaus zur Verf\u00fcgung. Unsere Empfangsmitarbeiter stellen Ihnen als Kunde gerne eine ELEMENTS Parkscheibe aus, so dass Sie uns immer bequem mit dem Auto besuchen k\u00f6nnen.<\/p>\n<p>Gestalten Sie Ihr Training ganz nach Ihren W\u00fcnschen. Egal ob alleine oder in der Gruppe, mit oder ohne Trainingsplan oder individuell mit Hilfe unserer <a href=\"https:\/\/www.elements.com\/services\/personal-training-im-fitnessstudio\/\">Personal Trainer<\/a>.<\/p>\n<p>Sie haben schon sehr viel Erfahrung mit Krafttraining? Dann trainieren Sie selbst\u00e4ndig an modernsten Ger\u00e4ten oder in Cross-Fit-Manier auf unserer Freifl\u00e4che, der <a href=\"https:\/\/www.elements.com\/services\/functional-training\/\">Funtional Area<\/a>. Wenn Sie Betreuung w\u00fcnschen, stehen Ihnen unsere Trainer und Personal Trainer jederzeit zur Verf\u00fcgung. F\u00fcr weniger Ge\u00fcbte oder Einsteiger bieten wir z.B. einen voll elektronisch gesteuerten Kraftzirkel von eGym an. Ihre Ger\u00e4teeinstellungen und Trainingsdaten werden auf Ihrem ELEMENTS Armband gespeichert und erleichtern Ihnen somit Ihr Training sowie die Kontrolle Ihres pers\u00f6nlichen Fortschritts.<\/p>\n<p>Ger\u00e4tetraining ist nicht Ihr Favorit? Dann nehmen Sie an einem unserer zahlreichen <a href=\"https:\/\/www.elements.com\/services\/group-fitness\/\">Group Fitness <\/a>Kurse teil. Auch hier bieten wir f\u00fcr jeden Geschmack einen Kurs an. Liegt Ihr Fokus auf mentalem Training &#8211; dann testen Sie Yoga oder Qi Gong. Bevorzugen Sie t\u00e4nzerische Bewegung &#8211; dann ist Capoeira, Hiphop oder Zumba das Richtige f\u00fcr Sie. Treten Sie lieber in die Pedale \u2013 unsere Spinning-Kurse sind sehr beliebt und werden Ihnen einheizen.<\/p>\n<p>Unser Wellnessbereich bietet neben Finnischer Sauna, Biosauna, Dampfbad\u00a0und Pool mit gem\u00fctlicher Kaminecke auch einen separaten <a href=\"https:\/\/www.elements.com\/services\/damensauna\/\">Damenwellnessbereich<\/a>.<\/p>\n<p>Sollten Sie es trotzdem mal nicht zu uns ins Studio schaffen, profitieren Sie als ELEMENTS Mitglied von einer Vielzahl an Online-Kursen. Mit <a href=\"https:\/\/www.elements.com\/services\/online-fitness\/\">ELEMENTS2GO<\/a> trainieren Sie wann und wo Sie wollen.<\/p>\n<p>Wir freuen uns auf Ihren Besuch, entweder pers\u00f6nlich in Ihrem Lieblingsstudio in Giesing oder bei einem unserer Online-Kurse![\/vc_column_text][\/vc_column][\/vc_row][vc_row][vc_column width=&#8220;1\/4&#8243;][vc_single_image image=&#8220;816&#8243;][\/vc_column][vc_column width=&#8220;3\/4&#8243;][vc_column_text]<\/p>\n<h5>Lage und Anbindung<\/h5>\n<hr \/>\n<p>Das ELEMENTS in der Balanstr. 73 liegt zwischen Haidhausen, Obergiesing und Ramersdorf.<\/p>\n<p>Auch mit den \u00f6ffentlichen Verkehrsmitteln ist das Fitnessstudio in der Balanstra\u00dfe bequem f\u00fcr Sie zu erreichen:<\/p>\n<ul>\n<li>Haltestelle Karl-Preis-Platz: Ca. 7 Gehminuten. U-Bahnlinie: U2<\/li>\n<li>Haltestelle St.-Martin-Str.: Ca. 8 Gehminuten. S-Bahnlinie: S3\/S7<\/li>\n<li>Haltestelle Thomasiusplatz: Ca. 2 Gehminuten. Bus-Linie: 54<\/li>\n<li>Hauptbahnhof M\u00fcnchen: Ca. 21 \u2013 28 Minuten mit den \u00d6ffentlichen<\/li>\n<li>Ostbahnhof M\u00fcnchen: Ca. 18 Minuten Fu\u00dfweg bzw. 11 \u2013 16 Min. mit den Buslinien 54, 145, 155<\/li>\n<\/ul>\n<p>[\/vc_column_text][\/vc_column][\/vc_row][vc_row][vc_column width=&#8220;1\/4&#8243;][vc_single_image image=&#8220;817&#8243;][\/vc_column][vc_column width=&#8220;3\/4&#8243;][vc_column_text]<\/p>\n<h5>Parken bei ELEMENTS<\/h5>\n<hr \/>\n<p>Nat\u00fcrlich erreichen Sie das ELEMENTS in Giesing auch bequem mit dem Auto. Es stehen Ihnen kostenfreie Parkpl\u00e4tze im 1. &#8211; 3. Stock des Parkhauses in der Balanstr. 73 zur Verf\u00fcgung. Bitte legen Sie die ELEMENTS Mini-Parkscheibe hinter die Windschutzscheibe, die berechtigt Sie dort f\u00fcr die Dauer Ihres Trainings kostenlos zu parken. Registrieren Sie sich daf\u00fcr einfach mit Ihrem Kennzeichen bei den Mitarbeitern am Empfang.[\/vc_column_text][\/vc_column][\/vc_row][vc_row][vc_column][vc_column_text]* Leistungsangebot gegen Aufpreis[\/vc_column_text][\/vc_column][\/vc_row]<\/p>\n<\/div>","protected":false},"excerpt":{"rendered":"<p>[vc_row][vc_column width=&#8220;1\/2&#8243;][vc_column_text] ELEMENTS Balanstra\u00dfe &#8211; Fitnessstudio im Osten von M\u00fcnchen Mitten im M\u00fcnchner Osten Im M\u00e4rz 2014 er\u00f6ffnete das ELEMENTS Balanstra\u00dfe im M\u00fcnchner Osten: Auf dem B\u00fcro- und Gewerbegel\u00e4nde &#8222;Neue Balan&#8220; entstand ein modernes, stilvolles und gro\u00dfz\u00fcgiges ELEMENTS Studio. Dieser Standort besticht durch seine innerst\u00e4dtische Lage in M\u00fcnchen Giesing, die Anbindung an den M\u00fcnchner Ostbahnhof, &hellip; <a href=\"https:\/\/www.elements.com\/balanstrasse\/fitnessstudio-giesing\/\">Continued<\/a><\/p>\n","protected":false},"author":1,"featured_media":2947,"parent":0,"menu_order":0,"comment_status":"closed","ping_status":"closed","template":"template-home.php","meta":{"_acf_changed":false,"footnotes":""},"class_list":["post-5","page","type-page","status-publish","has-post-thumbnail","hentry"],"acf":[],"yoast_head":"<!-- This site is optimized with the Yoast SEO plugin v25.4 - https:\/\/yoast.com\/wordpress\/plugins\/seo\/ -->\n<title>ELEMENTS Balanstra\u00dfe - Fitnessstudio im M\u00fcnchner Osten<\/title>\n<meta name=\"description\" content=\"Das ELEMENTS Balanstra\u00dfe besticht durch eine innerst\u00e4dtische Lage im M\u00fcnchner Osten, eine erstklassige Ausstattung und ein fundiertes Trainingskonzept.\" \/>\n<meta name=\"robots\" content=\"index, follow, max-snippet:-1, max-image-preview:large, max-video-preview:-1\" \/>\n<link rel=\"canonical\" href=\"https:\/\/www.elements.com\/balanstrasse\/fitnessstudio-giesing\/\" \/>\n<meta property=\"og:locale\" content=\"de_DE\" \/>\n<meta property=\"og:type\" content=\"article\" \/>\n<meta property=\"og:title\" content=\"ELEMENTS Balanstra\u00dfe - Fitnessstudio im M\u00fcnchner Osten\" \/>\n<meta property=\"og:description\" content=\"Das ELEMENTS Balanstra\u00dfe besticht durch eine innerst\u00e4dtische Lage im M\u00fcnchner Osten, eine erstklassige Ausstattung und ein fundiertes Trainingskonzept.\" \/>\n<meta property=\"og:url\" content=\"https:\/\/www.elements.com\/balanstrasse\/fitnessstudio-giesing\/\" \/>\n<meta property=\"og:site_name\" content=\"ELEMENTS Balanstra\u00dfe\" \/>\n<meta property=\"article:modified_time\" content=\"2025-12-16T14:48:06+00:00\" \/>\n<meta property=\"og:image\" content=\"https:\/\/www.elements.com\/app\/uploads\/sites\/2\/2025\/07\/studiobuilder-balanstrasse.webp\" \/>\n\t<meta property=\"og:image:width\" content=\"1500\" \/>\n\t<meta property=\"og:image:height\" content=\"1005\" \/>\n\t<meta property=\"og:image:type\" content=\"image\/webp\" \/>\n<meta name=\"twitter:card\" content=\"summary_large_image\" \/>\n<meta name=\"twitter:label1\" content=\"Gesch\u00e4tzte Lesezeit\" \/>\n\t<meta name=\"twitter:data1\" content=\"4\u00a0Minuten\" \/>\n<script type=\"application\/ld+json\" class=\"yoast-schema-graph\">{\"@context\":\"https:\/\/schema.org\",\"@graph\":[{\"@type\":\"WebPage\",\"@id\":\"https:\/\/www.elements.com\/balanstrasse\/fitnessstudio-giesing\/\",\"url\":\"https:\/\/www.elements.com\/balanstrasse\/fitnessstudio-giesing\/\",\"name\":\"ELEMENTS Balanstra\u00dfe - Fitnessstudio im M\u00fcnchner Osten\",\"isPartOf\":{\"@id\":\"https:\/\/www.elements.com\/balanstrasse\/fitnessstudio-giesing\/#website\"},\"primaryImageOfPage\":{\"@id\":\"https:\/\/www.elements.com\/balanstrasse\/fitnessstudio-giesing\/#primaryimage\"},\"image\":{\"@id\":\"https:\/\/www.elements.com\/balanstrasse\/fitnessstudio-giesing\/#primaryimage\"},\"thumbnailUrl\":\"https:\/\/www.elements.com\/app\/uploads\/sites\/2\/2025\/07\/studiobuilder-balanstrasse.webp\",\"datePublished\":\"2016-10-10T12:17:22+00:00\",\"dateModified\":\"2025-12-16T14:48:06+00:00\",\"description\":\"Das ELEMENTS Balanstra\u00dfe besticht durch eine innerst\u00e4dtische Lage im M\u00fcnchner Osten, eine erstklassige Ausstattung und ein fundiertes Trainingskonzept.\",\"breadcrumb\":{\"@id\":\"https:\/\/www.elements.com\/balanstrasse\/fitnessstudio-giesing\/#breadcrumb\"},\"inLanguage\":\"de\",\"potentialAction\":[{\"@type\":\"ReadAction\",\"target\":[\"https:\/\/www.elements.com\/balanstrasse\/fitnessstudio-giesing\/\"]}]},{\"@type\":\"ImageObject\",\"inLanguage\":\"de\",\"@id\":\"https:\/\/www.elements.com\/balanstrasse\/fitnessstudio-giesing\/#primaryimage\",\"url\":\"https:\/\/www.elements.com\/app\/uploads\/sites\/2\/2025\/07\/studiobuilder-balanstrasse.webp\",\"contentUrl\":\"https:\/\/www.elements.com\/app\/uploads\/sites\/2\/2025\/07\/studiobuilder-balanstrasse.webp\",\"width\":1500,\"height\":1005},{\"@type\":\"BreadcrumbList\",\"@id\":\"https:\/\/www.elements.com\/balanstrasse\/fitnessstudio-giesing\/#breadcrumb\",\"itemListElement\":[{\"@type\":\"ListItem\",\"position\":1,\"name\":\"Home\",\"item\":\"https:\/\/www.elements.com\/balanstrasse\/fitnessstudio-giesing\/\"},{\"@type\":\"ListItem\",\"position\":2,\"name\":\"Startseite\"}]},{\"@type\":\"WebSite\",\"@id\":\"https:\/\/www.elements.com\/balanstrasse\/fitnessstudio-giesing\/#website\",\"url\":\"https:\/\/www.elements.com\/balanstrasse\/fitnessstudio-giesing\/\",\"name\":\"ELEMENTS Balanstra\u00dfe\",\"description\":\"\",\"potentialAction\":[{\"@type\":\"SearchAction\",\"target\":{\"@type\":\"EntryPoint\",\"urlTemplate\":\"https:\/\/www.elements.com\/balanstrasse\/fitnessstudio-giesing\/?s={search_term_string}\"},\"query-input\":{\"@type\":\"PropertyValueSpecification\",\"valueRequired\":true,\"valueName\":\"search_term_string\"}}],\"inLanguage\":\"de\"}]}<\/script>\n<!-- \/ Yoast SEO plugin. -->","yoast_head_json":{"title":"ELEMENTS Balanstra\u00dfe - Fitnessstudio im M\u00fcnchner Osten","description":"Das ELEMENTS Balanstra\u00dfe besticht durch eine innerst\u00e4dtische Lage im M\u00fcnchner Osten, eine erstklassige Ausstattung und ein fundiertes Trainingskonzept.","robots":{"index":"index","follow":"follow","max-snippet":"max-snippet:-1","max-image-preview":"max-image-preview:large","max-video-preview":"max-video-preview:-1"},"canonical":"https:\/\/www.elements.com\/balanstrasse\/fitnessstudio-giesing\/","og_locale":"de_DE","og_type":"article","og_title":"ELEMENTS Balanstra\u00dfe - Fitnessstudio im M\u00fcnchner Osten","og_description":"Das ELEMENTS Balanstra\u00dfe besticht durch eine innerst\u00e4dtische Lage im M\u00fcnchner Osten, eine erstklassige Ausstattung und ein fundiertes Trainingskonzept.","og_url":"https:\/\/www.elements.com\/balanstrasse\/fitnessstudio-giesing\/","og_site_name":"ELEMENTS Balanstra\u00dfe","article_modified_time":"2025-12-16T14:48:06+00:00","og_image":[{"width":1500,"height":1005,"url":"https:\/\/www.elements.com\/app\/uploads\/sites\/2\/2025\/07\/studiobuilder-balanstrasse.webp","type":"image\/webp"}],"twitter_card":"summary_large_image","twitter_misc":{"Gesch\u00e4tzte Lesezeit":"4\u00a0Minuten"},"schema":{"@context":"https:\/\/schema.org","@graph":[{"@type":"WebPage","@id":"https:\/\/www.elements.com\/balanstrasse\/fitnessstudio-giesing\/","url":"https:\/\/www.elements.com\/balanstrasse\/fitnessstudio-giesing\/","name":"ELEMENTS Balanstra\u00dfe - Fitnessstudio im M\u00fcnchner Osten","isPartOf":{"@id":"https:\/\/www.elements.com\/balanstrasse\/fitnessstudio-giesing\/#website"},"primaryImageOfPage":{"@id":"https:\/\/www.elements.com\/balanstrasse\/fitnessstudio-giesing\/#primaryimage"},"image":{"@id":"https:\/\/www.elements.com\/balanstrasse\/fitnessstudio-giesing\/#primaryimage"},"thumbnailUrl":"https:\/\/www.elements.com\/app\/uploads\/sites\/2\/2025\/07\/studiobuilder-balanstrasse.webp","datePublished":"2016-10-10T12:17:22+00:00","dateModified":"2025-12-16T14:48:06+00:00","description":"Das ELEMENTS Balanstra\u00dfe besticht durch eine innerst\u00e4dtische Lage im M\u00fcnchner Osten, eine erstklassige Ausstattung und ein fundiertes Trainingskonzept.","breadcrumb":{"@id":"https:\/\/www.elements.com\/balanstrasse\/fitnessstudio-giesing\/#breadcrumb"},"inLanguage":"de","potentialAction":[{"@type":"ReadAction","target":["https:\/\/www.elements.com\/balanstrasse\/fitnessstudio-giesing\/"]}]},{"@type":"ImageObject","inLanguage":"de","@id":"https:\/\/www.elements.com\/balanstrasse\/fitnessstudio-giesing\/#primaryimage","url":"https:\/\/www.elements.com\/app\/uploads\/sites\/2\/2025\/07\/studiobuilder-balanstrasse.webp","contentUrl":"https:\/\/www.elements.com\/app\/uploads\/sites\/2\/2025\/07\/studiobuilder-balanstrasse.webp","width":1500,"height":1005},{"@type":"BreadcrumbList","@id":"https:\/\/www.elements.com\/balanstrasse\/fitnessstudio-giesing\/#breadcrumb","itemListElement":[{"@type":"ListItem","position":1,"name":"Home","item":"https:\/\/www.elements.com\/balanstrasse\/fitnessstudio-giesing\/"},{"@type":"ListItem","position":2,"name":"Startseite"}]},{"@type":"WebSite","@id":"https:\/\/www.elements.com\/balanstrasse\/fitnessstudio-giesing\/#website","url":"https:\/\/www.elements.com\/balanstrasse\/fitnessstudio-giesing\/","name":"ELEMENTS Balanstra\u00dfe","description":"","potentialAction":[{"@type":"SearchAction","target":{"@type":"EntryPoint","urlTemplate":"https:\/\/www.elements.com\/balanstrasse\/fitnessstudio-giesing\/?s={search_term_string}"},"query-input":{"@type":"PropertyValueSpecification","valueRequired":true,"valueName":"search_term_string"}}],"inLanguage":"de"}]}},"_links":{"self":[{"href":"https:\/\/www.elements.com\/balanstrasse\/fitnessstudio-giesing\/wp-json\/wp\/v2\/pages\/5","targetHints":{"allow":["GET"]}}],"collection":[{"href":"https:\/\/www.elements.com\/balanstrasse\/fitnessstudio-giesing\/wp-json\/wp\/v2\/pages"}],"about":[{"href":"https:\/\/www.elements.com\/balanstrasse\/fitnessstudio-giesing\/wp-json\/wp\/v2\/types\/page"}],"author":[{"embeddable":true,"href":"https:\/\/www.elements.com\/balanstrasse\/fitnessstudio-giesing\/wp-json\/wp\/v2\/users\/1"}],"replies":[{"embeddable":true,"href":"https:\/\/www.elements.com\/balanstrasse\/fitnessstudio-giesing\/wp-json\/wp\/v2\/comments?post=5"}],"version-history":[{"count":49,"href":"https:\/\/www.elements.com\/balanstrasse\/fitnessstudio-giesing\/wp-json\/wp\/v2\/pages\/5\/revisions"}],"predecessor-version":[{"id":2990,"href":"https:\/\/www.elements.com\/balanstrasse\/fitnessstudio-giesing\/wp-json\/wp\/v2\/pages\/5\/revisions\/2990"}],"wp:featuredmedia":[{"embeddable":true,"href":"https:\/\/www.elements.com\/balanstrasse\/fitnessstudio-giesing\/wp-json\/wp\/v2\/media\/2947"}],"wp:attachment":[{"href":"https:\/\/www.elements.com\/balanstrasse\/fitnessstudio-giesing\/wp-json\/wp\/v2\/media?parent=5"}],"curies":[{"name":"wp","href":"https:\/\/api.w.org\/{rel}","templated":true}]}}